{"id":30,"date":"1515-01-21T10:18:08","date_gmt":"1515-01-21T08:18:08","guid":{"rendered":"https:\/\/gauthierdupertuis.com\/?page_id=30"},"modified":"2026-04-07T17:53:17","modified_gmt":"2026-04-07T15:53:17","slug":"bio","status":"publish","type":"page","link":"https:\/\/gauthierdupertuis.com\/en\/bio\/","title":{"rendered":"Bio"},"content":{"rendered":"<div data-colibri-id=\"30-c1\" class=\"style-552 style-local-30-c1 position-relative\">\n  <!---->\n  <div data-colibri-component=\"section\" data-colibri-id=\"30-c2\" id=\"about\" class=\"h-section h-section-global-spacing d-flex align-items-lg-center align-items-md-center align-items-center style-557 style-local-30-c2 position-relative\">\n    <div class=\"background-wrapper\">\n      <div class=\"background-layer background-layer-media-container-lg\">\n        <!---->\n        <div class=\"overlay-layer\">\n          <div class=\"overlay-image-layer\" style=\"background-color: rgb(0, 0, 0); opacity: 0.78;\"><\/div>\n        <\/div>\n      <\/div>\n      <div class=\"background-layer background-layer-media-container-md\">\n        <!---->\n        <div class=\"overlay-layer\">\n          <div class=\"overlay-image-layer\" style=\"background-color: rgb(0, 0, 0); opacity: 0.78;\"><\/div>\n        <\/div>\n      <\/div>\n      <div class=\"background-layer background-layer-media-container\">\n        <!---->\n        <div class=\"overlay-layer\">\n          <div class=\"overlay-image-layer\" style=\"background-color: rgb(0, 0, 0); opacity: 0.78;\"><\/div>\n        <\/div>\n      <\/div>\n    <\/div>\n    <!---->\n    <div class=\"h-section-grid-container h-section-boxed-container\">\n      <!---->\n      <div data-colibri-id=\"30-c3\" class=\"h-row-container gutters-row-lg-2 gutters-row-md-2 gutters-row-0 gutters-row-v-lg-2 gutters-row-v-md-2 gutters-row-v-2 style-700 style-local-30-c3 position-relative\">\n        <!---->\n        <div class=\"h-row justify-content-lg-center justify-content-md-center justify-content-center align-items-lg-stretch align-items-md-stretch align-items-stretch gutters-col-lg-2 gutters-col-md-2 gutters-col-0 gutters-col-v-lg-2 gutters-col-v-md-2 gutters-col-v-2\">\n          <!---->\n          <div class=\"h-column h-column-container d-flex h-col-lg-auto h-col-md-auto h-col-auto style-701-outer style-local-30-c4-outer\">\n            <div data-colibri-id=\"30-c4\" class=\"d-flex h-flex-basis h-column__inner h-px-lg-2 h-px-md-2 h-px-2 v-inner-lg-2 v-inner-md-2 v-inner-2 style-701 style-local-30-c4 position-relative\">\n              <!---->\n              <!---->\n              <div class=\"w-100 h-y-container h-column__content h-column__v-align flex-basis-100 align-self-lg-start align-self-md-start align-self-center\">\n                <!---->\n                <div data-colibri-id=\"30-c5\" class=\"page-title style-702 style-local-30-c5 position-relative h-element\">\n                  <!---->\n                  <div class=\"h-page-title__outer style-702-outer style-local-30-c5-outer\">\n                    <div class=\"h-global-transition-all\"><span><h1 style='margin-bottom:0'>Bio<\/h1><\/span><\/div>\n                  <\/div>\n                <\/div>\n              <\/div>\n            <\/div>\n          <\/div>\n        <\/div>\n      <\/div>\n      <div data-colibri-id=\"30-c6\" class=\"h-row-container gutters-row-lg-2 gutters-row-md-2 gutters-row-0 gutters-row-v-lg-2 gutters-row-v-md-2 gutters-row-v-2 style-1657 style-local-30-c6 position-relative\">\n        <!---->\n        <div class=\"h-row justify-content-lg-center justify-content-md-center justify-content-center align-items-lg-stretch align-items-md-stretch align-items-stretch gutters-col-lg-2 gutters-col-md-2 gutters-col-0 gutters-col-v-lg-2 gutters-col-v-md-2 gutters-col-v-2\">\n          <!---->\n          <div class=\"h-column h-column-container d-flex h-col-lg-auto h-col-md-auto h-col-auto style-2497-outer style-local-30-c7-outer\">\n            <div data-colibri-id=\"30-c7\" class=\"d-flex h-flex-basis h-column__inner h-px-lg-0 h-px-md-0 h-px-0 v-inner-lg-0 v-inner-md-0 v-inner-0 style-2497 style-local-30-c7 position-relative\">\n              <!---->\n              <!---->\n              <div class=\"w-100 h-y-container h-column__content h-column__v-align flex-basis-100 align-self-lg-center align-self-md-center align-self-center\">\n                <!---->\n                <div data-colibri-id=\"30-c8\" data-aos=\"fadeIn\" class=\"d-block style-2498 style-local-30-c8 position-relative h-element\">\n                  <!---->\n                  <div class=\"h-image__frame-container-outer\">\n                    <div class=\"h-image__frame-container\">\n                      <!---->\n                      <!---->\n                      <img loading=\"lazy\" decoding=\"async\" width=\"2631\" height=\"2631\" data-attachment-id=\"19803\" data-permalink=\"https:\/\/gauthierdupertuis.com\/en\/gauthierdupertuis\/\" data-orig-file=\"https:\/\/gauthierdupertuis.com\/wp-content\/uploads\/2024\/03\/GauthierDupertuis.jpg\" data-orig-size=\"2631,2631\" data-comments-opened=\"1\" data-image-meta=\"{&quot;aperture&quot;:&quot;3.5&quot;,&quot;credit&quot;:&quot;&quot;,&quot;camera&quot;:&quot;NIKON D3200&quot;,&quot;caption&quot;:&quot;&quot;,&quot;created_timestamp&quot;:&quot;1699124442&quot;,&quot;copyright&quot;:&quot;&quot;,&quot;focal_length&quot;:&quot;18&quot;,&quot;iso&quot;:&quot;3200&quot;,&quot;shutter_speed&quot;:&quot;0.066666666666667&quot;,&quot;title&quot;:&quot;&quot;,&quot;orientation&quot;:&quot;1&quot;}\" data-image-title=\"GauthierDupertuis\" data-image-description=\"\" data-image-caption=\"&lt;p&gt;\u00a9 Photo : St\u00e9phanie Pittet&lt;\/p&gt;\" data-large-file=\"https:\/\/gauthierdupertuis.com\/wp-content\/uploads\/2024\/03\/GauthierDupertuis-1024x1024.jpg\" src=\"https:\/\/gauthierdupertuis.com\/wp-content\/uploads\/2024\/03\/GauthierDupertuis.jpg\" class=\"wp-image-19803 style-2498-image style-local-30-c8-image\" alt=\"\" srcset=\"https:\/\/gauthierdupertuis.com\/wp-content\/uploads\/2024\/03\/GauthierDupertuis.jpg 2631w, https:\/\/gauthierdupertuis.com\/wp-content\/uploads\/2024\/03\/GauthierDupertuis-300x300.jpg?crop=1 300w, https:\/\/gauthierdupertuis.com\/wp-content\/uploads\/2024\/03\/GauthierDupertuis-1024x1024.jpg 1024w, https:\/\/gauthierdupertuis.com\/wp-content\/uploads\/2024\/03\/GauthierDupertuis-150x150.jpg?crop=1 150w, https:\/\/gauthierdupertuis.com\/wp-content\/uploads\/2024\/03\/GauthierDupertuis-768x768.jpg 768w, https:\/\/gauthierdupertuis.com\/wp-content\/uploads\/2024\/03\/GauthierDupertuis-1536x1536.jpg 1536w, https:\/\/gauthierdupertuis.com\/wp-content\/uploads\/2024\/03\/GauthierDupertuis-2048x2048.jpg 2048w, https:\/\/gauthierdupertuis.com\/wp-content\/uploads\/2024\/03\/GauthierDupertuis-12x12.jpg 12w, https:\/\/gauthierdupertuis.com\/wp-content\/uploads\/2024\/03\/GauthierDupertuis-1200x1200.jpg?crop=1 1200w, https:\/\/gauthierdupertuis.com\/wp-content\/uploads\/2024\/03\/GauthierDupertuis-800x800.jpg?crop=1 800w, https:\/\/gauthierdupertuis.com\/wp-content\/uploads\/2024\/03\/GauthierDupertuis-600x600.jpg?crop=1 600w, https:\/\/gauthierdupertuis.com\/wp-content\/uploads\/2024\/03\/GauthierDupertuis-400x400.jpg?crop=1 400w, https:\/\/gauthierdupertuis.com\/wp-content\/uploads\/2024\/03\/GauthierDupertuis-200x200.jpg?crop=1 200w\" sizes=\"auto, (max-width: 2631px) 100vw, 2631px\" \/>\n                      <div class=\"h-image__frame h-hide-lg h-hide-md h-hide-sm style-2498-frameImage style-local-30-c8-frameImage\"><\/div>\n                    <\/div>\n                    <div class=\"style-2498-caption style-local-30-c8-caption\">\n                      \u00a9 Photo : St\u00e9phanie Pittet\n                    <\/div>\n                  <\/div>\n                <\/div>\n              <\/div>\n            <\/div>\n          <\/div>\n          <div data-aos=\"fadeIn\" class=\"h-column h-column-container d-flex h-col-lg-auto h-col-md-auto h-col-auto style-1658-outer style-local-30-c9-outer\">\n            <div data-colibri-id=\"30-c9\" class=\"d-flex h-flex-basis h-column__inner h-px-lg-0 h-px-md-0 h-px-0 v-inner-lg-0 v-inner-md-0 v-inner-0 style-1658 style-local-30-c9 position-relative\">\n              <!---->\n              <!---->\n              <div class=\"w-100 h-y-container h-column__content h-column__v-align flex-basis-100 align-self-lg-center align-self-md-center align-self-center\">\n                <!---->\n                <div data-colibri-id=\"30-c10\" class=\"h-text h-text-component style-2269 style-local-30-c10 position-relative h-element\">\n                  <!---->\n                  <!---->\n                  <div class=\"\">\n                    <p>Gauthier Dupertuis (*1997) is a young Swiss composer and conductor. He holds a Master of Arts in musicology and philosophy from the University of Fribourg and a Master's degree in wind orchestra conducting from the Lausanne University of Music.<\/p>\n                    <p>His earlier studies took him to the Fribourg Conservatory, where he obtained a certificate in choral conducting, as well as a pre-professional certificate in conducting in the class of Jean-Claude Kolly, St\u00e9phane Delley and Etienne Crausaz. He was awarded the prize for music theory in 2021 and the prize for choir conducting in 2023. He also holds a DAS in orchestral conducting from the Bern University of the Arts, in Florian Ziemen's class.<\/p>\n                  <\/div>\n                <\/div>\n              <\/div>\n            <\/div>\n          <\/div>\n        <\/div>\n      <\/div>\n      <div data-colibri-id=\"30-c11\" class=\"h-row-container gutters-row-lg-2 gutters-row-md-2 gutters-row-0 gutters-row-v-lg-2 gutters-row-v-md-2 gutters-row-v-2 style-1657 style-local-30-c11 position-relative\">\n        <!---->\n        <div class=\"h-row justify-content-lg-center justify-content-md-center justify-content-center align-items-lg-stretch align-items-md-stretch align-items-stretch gutters-col-lg-2 gutters-col-md-2 gutters-col-0 gutters-col-v-lg-2 gutters-col-v-md-2 gutters-col-v-2\">\n          <!---->\n          <div data-aos=\"fadeIn\" class=\"h-column h-column-container d-flex h-col-lg-auto h-col-md-auto h-col-auto style-1658-outer style-local-30-c12-outer\">\n            <div data-colibri-id=\"30-c12\" class=\"d-flex h-flex-basis h-column__inner h-px-lg-0 h-px-md-0 h-px-0 v-inner-lg-0 v-inner-md-0 v-inner-0 style-1658 style-local-30-c12 position-relative\">\n              <!---->\n              <!---->\n              <div class=\"w-100 h-y-container h-column__content h-column__v-align flex-basis-100 align-self-lg-center align-self-md-center align-self-center\">\n                <!---->\n                <div data-colibri-id=\"30-c13\" class=\"h-text h-text-component style-2269 style-local-30-c13 position-relative h-element\">\n                  <!---->\n                  <!---->\n                  <div class=\"\">\n                    <p>He has also had the opportunity to perfect his skills in masterclasses with leading conductors such as Douglas Bostock, Mark Heron and Jos\u00e9 Rafael Pascual-Vilaplana. Gauthier is principal conductor of several orchestras and is regularly engaged as a guest conductor, consultant or jury member at competitions.<\/p>\n                    <p class=\"translation-block\">Gauthier is also an increasingly sought-after composer and orchestrator. He won the La Bacchetta d'Oro international composition competition in 2021 and was awarded first prize and the orchestra prize at the 9th European Brass Band Composition Competition in 2024. His works are published by FC Music Publishing and produced by renowned composer Franco Cesarini.<\/p>\n                  <\/div>\n                <\/div>\n                <div data-colibri-id=\"30-c14\" class=\"h-x-container style-3523 style-local-30-c14 position-relative h-element\">\n                  <!---->\n                  <div class=\"h-x-container-inner style-dynamic-30-c14-group style-3523-spacing style-local-30-c14-spacing\"><span class=\"h-button__outer style-3516-outer style-local-30-c15-outer d-inline-flex h-element\"><a h-use-smooth-scroll=\"true\" href=\"https:\/\/drive.google.com\/drive\/folders\/1t5wa0vOO7_lM3GfyweKN3VNEbU1mBy9q?usp=sharing\" target=\"_blank\"  data-colibri-id=\"30-c15\" class=\"d-flex w-100 align-items-center h-button justify-content-lg-center justify-content-md-center justify-content-center style-3516 style-local-30-c15 position-relative\"><!----><span  class=\"h-svg-icon h-button__icon style-3516-icon style-local-30-c15-icon\"><!--Icon by Material Icons (https:\/\/material.io)--><svg version=\"1.1\" xmlns=\"http:\/\/www.w3.org\/2000\/svg\" xmlns:xlink=\"http:\/\/www.w3.org\/1999\/xlink\" id=\"file_download\" viewbox=\"0 0 512 512\"><path d=\"M107 384h298v43H107v-43zm298-192L256 341 107 192h85V64h128v128h85z\"><\/path><\/svg><\/span>                    <span>Download Press Kit<\/span><\/a>\n                    <\/span>\n                  <\/div>\n                <\/div>\n              <\/div>\n            <\/div>\n          <\/div>\n          <div class=\"h-column h-column-container d-flex h-col-lg-auto h-col-md-auto h-col-auto style-2497-outer style-local-30-c16-outer\">\n            <div data-colibri-id=\"30-c16\" class=\"d-flex h-flex-basis h-column__inner h-px-lg-0 h-px-md-0 h-px-0 v-inner-lg-0 v-inner-md-0 v-inner-0 style-2497 style-local-30-c16 position-relative\">\n              <!---->\n              <!---->\n              <div class=\"w-100 h-y-container h-column__content h-column__v-align flex-basis-100 align-self-lg-center align-self-md-center align-self-center\">\n                <!---->\n                <div data-colibri-id=\"30-c17\" data-aos=\"fadeIn\" class=\"d-block style-2498 style-local-30-c17 position-relative h-element\">\n                  <!---->\n                  <div class=\"h-image__frame-container-outer\">\n                    <div class=\"h-image__frame-container\">\n                      <!---->\n                      <!---->\n                      <img loading=\"lazy\" decoding=\"async\" width=\"914\" height=\"696\" data-attachment-id=\"20424\" data-permalink=\"https:\/\/gauthierdupertuis.com\/en\/fe1a60e2-4974-416d-8a1c-5b961557e805\/\" data-orig-file=\"https:\/\/gauthierdupertuis.com\/wp-content\/uploads\/2024\/06\/FE1A60E2-4974-416D-8A1C-5B961557E805.jpg\" data-orig-size=\"914,696\" data-comments-opened=\"1\" data-image-meta=\"{&quot;aperture&quot;:&quot;0&quot;,&quot;credit&quot;:&quot;&quot;,&quot;camera&quot;:&quot;&quot;,&quot;caption&quot;:&quot;&quot;,&quot;created_timestamp&quot;:&quot;0&quot;,&quot;copyright&quot;:&quot;&quot;,&quot;focal_length&quot;:&quot;0&quot;,&quot;iso&quot;:&quot;0&quot;,&quot;shutter_speed&quot;:&quot;0&quot;,&quot;title&quot;:&quot;&quot;,&quot;orientation&quot;:&quot;1&quot;}\" data-image-title=\"FE1A60E2-4974-416D-8A1C-5B961557E805\" data-image-description=\"\" data-image-caption=\"&lt;p&gt;\u00a9 Photo : Sabine Papilloud&lt;\/p&gt;\" data-large-file=\"https:\/\/gauthierdupertuis.com\/wp-content\/uploads\/2024\/06\/FE1A60E2-4974-416D-8A1C-5B961557E805.jpg\" src=\"https:\/\/gauthierdupertuis.com\/wp-content\/uploads\/2024\/06\/FE1A60E2-4974-416D-8A1C-5B961557E805.jpg\" class=\"wp-image-20424 style-2498-image style-local-30-c17-image\" alt=\"\" srcset=\"https:\/\/gauthierdupertuis.com\/wp-content\/uploads\/2024\/06\/FE1A60E2-4974-416D-8A1C-5B961557E805.jpg 914w, https:\/\/gauthierdupertuis.com\/wp-content\/uploads\/2024\/06\/FE1A60E2-4974-416D-8A1C-5B961557E805-300x228.jpg 300w, https:\/\/gauthierdupertuis.com\/wp-content\/uploads\/2024\/06\/FE1A60E2-4974-416D-8A1C-5B961557E805-768x585.jpg 768w, https:\/\/gauthierdupertuis.com\/wp-content\/uploads\/2024\/06\/FE1A60E2-4974-416D-8A1C-5B961557E805-16x12.jpg 16w\" sizes=\"auto, (max-width: 914px) 100vw, 914px\" \/>\n                      <div class=\"h-image__frame h-hide-lg h-hide-md h-hide-sm style-2498-frameImage style-local-30-c17-frameImage\"><\/div>\n                    <\/div>\n                    <div class=\"style-2498-caption style-local-30-c17-caption\">\n                      \u00a9 Photo : Sabine Papilloud\n                    <\/div>\n                  <\/div>\n                <\/div>\n              <\/div>\n            <\/div>\n          <\/div>\n        <\/div>\n      <\/div>\n    <\/div>\n  <\/div>\n<\/div>","protected":false},"excerpt":{"rendered":"<p>\u00a9 Photo : St\u00e9phanie Pittet Gauthier Dupertuis (*1997) est un jeune compositeur et chef d\u2019orchestre suisse. Il est titulaire d\u2019un Master of Arts en musicologie et philosophie obtenu \u00e0 l\u2019Universit\u00e9 de Fribourg ainsi que d\u2019un Master en direction d\u2019orchestre \u00e0 vent obtenu \u00e0 la Haute \u00c9cole de Musique de Lausanne. Ses \u00e9tudes ant\u00e9rieures l\u2019ont conduit [&hellip;]<\/p>\n","protected":false},"author":178170578,"featured_media":0,"parent":0,"menu_order":0,"comment_status":"closed","ping_status":"closed","template":"page-templates\/full-width-page.php","meta":{"footnotes":""},"class_list":["post-30","page","type-page","status-publish","hentry"],"jetpack_likes_enabled":true,"jetpack_sharing_enabled":true,"jetpack_shortlink":"https:\/\/wp.me\/PbAZ0d-u","_links":{"self":[{"href":"https:\/\/gauthierdupertuis.com\/en\/wp-json\/wp\/v2\/pages\/30","targetHints":{"allow":["GET"]}}],"collection":[{"href":"https:\/\/gauthierdupertuis.com\/en\/wp-json\/wp\/v2\/pages"}],"about":[{"href":"https:\/\/gauthierdupertuis.com\/en\/wp-json\/wp\/v2\/types\/page"}],"author":[{"embeddable":true,"href":"https:\/\/gauthierdupertuis.com\/en\/wp-json\/wp\/v2\/users\/178170578"}],"replies":[{"embeddable":true,"href":"https:\/\/gauthierdupertuis.com\/en\/wp-json\/wp\/v2\/comments?post=30"}],"version-history":[{"count":20,"href":"https:\/\/gauthierdupertuis.com\/en\/wp-json\/wp\/v2\/pages\/30\/revisions"}],"predecessor-version":[{"id":28474,"href":"https:\/\/gauthierdupertuis.com\/en\/wp-json\/wp\/v2\/pages\/30\/revisions\/28474"}],"wp:attachment":[{"href":"https:\/\/gauthierdupertuis.com\/en\/wp-json\/wp\/v2\/media?parent=30"}],"curies":[{"name":"wp","href":"https:\/\/api.w.org\/{rel}","templated":true}]}}