{"id":21459,"date":"2024-11-10T18:43:24","date_gmt":"2024-11-10T16:43:24","guid":{"rendered":"https:\/\/gauthierdupertuis.com\/?page_id=21459"},"modified":"2026-02-25T02:38:38","modified_gmt":"2026-02-25T00:38:38","slug":"terminal","status":"publish","type":"page","link":"https:\/\/gauthierdupertuis.com\/en\/terminal\/","title":{"rendered":"Terminal"},"content":{"rendered":"<div data-colibri-id=\"21459-c1\" class=\"style-2837 style-local-21459-c1 position-relative\">\r\n  <div class=\"background-wrapper\">\r\n    <div class=\"background-layer background-layer-media-container-lg\">\r\n      <!---->\r\n      <div class=\"overlay-layer\">\r\n        <div class=\"overlay-image-layer\" style=\"background-color: rgb(0, 0, 0); opacity: 0.7;\"><\/div>\r\n      <\/div>\r\n    <\/div>\r\n    <div class=\"background-layer background-layer-media-container-md\">\r\n      <!---->\r\n      <div class=\"overlay-layer\">\r\n        <div class=\"overlay-image-layer\" style=\"background-color: rgb(0, 0, 0); opacity: 0.7;\"><\/div>\r\n      <\/div>\r\n    <\/div>\r\n    <div class=\"background-layer background-layer-media-container\">\r\n      <!---->\r\n      <div class=\"overlay-layer\">\r\n        <div class=\"overlay-image-layer\" style=\"background-color: rgb(0, 0, 0); opacity: 0.7;\"><\/div>\r\n      <\/div>\r\n    <\/div>\r\n  <\/div>\r\n  <div data-colibri-component=\"section\" data-colibri-id=\"21459-c2\" id=\"custom\" class=\"h-section h-section-global-spacing d-flex align-items-lg-center align-items-md-center align-items-center style-2838 style-local-21459-c2 position-relative\">\r\n    <!---->\r\n    <!---->\r\n    <div class=\"h-section-grid-container h-section-boxed-container\">\r\n      <!---->\r\n      <div data-colibri-id=\"21459-c3\" class=\"h-row-container gutters-row-lg-0 gutters-row-md-0 gutters-row-0 gutters-row-v-lg-0 gutters-row-v-md-0 gutters-row-v-0 style-2839 style-local-21459-c3 position-relative\">\r\n        <!---->\r\n        <div class=\"h-row justify-content-lg-center justify-content-md-center justify-content-center align-items-lg-stretch align-items-md-stretch align-items-stretch gutters-col-lg-0 gutters-col-md-0 gutters-col-0 gutters-col-v-lg-0 gutters-col-v-md-0 gutters-col-v-0\">\r\n          <!---->\r\n          <div class=\"h-column h-column-container d-flex h-col-lg-auto h-col-md-auto h-col-auto style-2840-outer style-local-21459-c4-outer\">\r\n            <div data-colibri-id=\"21459-c4\" class=\"d-flex h-flex-basis h-column__inner h-px-lg-0 h-px-md-0 h-px-0 v-inner-lg-0 v-inner-md-0 v-inner-0 style-2840 style-local-21459-c4 position-relative\">\r\n              <!---->\r\n              <!---->\r\n              <div class=\"w-100 h-y-container h-column__content h-column__v-align flex-basis-100 align-self-lg-center align-self-md-center align-self-center\">\r\n                <!---->\r\n                <div data-colibri-id=\"21459-c5\" class=\"page-title style-2841 style-local-21459-c5 position-relative h-element\">\r\n                  <!---->\r\n                  <div class=\"h-page-title__outer style-2841-outer style-local-21459-c5-outer\">\r\n                    <div class=\"h-global-transition-all\"><span><h1 style='margin-bottom:0'>Terminal<\/h1><\/span><\/div>\r\n                  <\/div>\r\n                <\/div>\r\n                <div data-colibri-id=\"21459-c6\" class=\"h-text h-text-component style-2842 style-local-21459-c6 position-relative h-element\">\r\n                  <!---->\r\n                  <!---->\r\n                  <div class=\"\">\r\n                    <p>for Brass Band<\/p>\r\n                  <\/div>\r\n                <\/div>\r\n              <\/div>\r\n            <\/div>\r\n          <\/div>\r\n        <\/div>\r\n      <\/div>\r\n      <div data-colibri-id=\"21459-c7\" class=\"h-row-container gutters-row-lg-0 gutters-row-md-0 gutters-row-0 gutters-row-v-lg-0 gutters-row-v-md-0 gutters-row-v-0 style-2839 style-local-21459-c7 position-relative\">\r\n        <!---->\r\n        <div class=\"h-row justify-content-lg-center justify-content-md-center justify-content-center align-items-lg-stretch align-items-md-stretch align-items-stretch gutters-col-lg-0 gutters-col-md-0 gutters-col-0 gutters-col-v-lg-0 gutters-col-v-md-0 gutters-col-v-0\">\r\n          <!---->\r\n          <div class=\"h-column h-column-container d-flex h-col-lg h-col-md h-col-auto style-2840-outer style-local-21459-c8-outer\">\r\n            <div data-colibri-id=\"21459-c8\" class=\"d-flex h-flex-basis h-column__inner h-px-lg-0 h-px-md-0 h-px-0 v-inner-lg-0 v-inner-md-0 v-inner-0 style-2840 style-local-21459-c8 position-relative\">\r\n              <!---->\r\n              <!---->\r\n              <div class=\"w-100 h-y-container h-column__content h-column__v-align flex-basis-100 align-self-lg-center align-self-md-center align-self-center\">\r\n                <!---->\r\n                <div data-colibri-id=\"21459-c9\" class=\"style-2843 style-local-21459-c9 position-relative h-element\">\r\n                  <!---->\r\n                  <div class=\"\"><div class=\"_df_book df-lite\" id=\"df_23106\"  _slug=\"terminal\" data-title=\"terminal\" wpoptions=\"true\" thumbtype=\"\" ><\/div><script class=\"df-shortcode-script\" nowprocket type=\"application\/javascript\">window.option_df_23106 = {\"outline\":[],\"autoEnableOutline\":\"false\",\"autoEnableThumbnail\":\"false\",\"overwritePDFOutline\":\"false\",\"enableDownload\":\"false\",\"direction\":\"1\",\"pageSize\":\"0\",\"soundEnable\":\"false\",\"source\":\"https:\\\/\\\/gauthierdupertuis.com\\\/wp-content\\\/uploads\\\/2025\\\/03\\\/00-TERMINAL-BB-Score.pdf\",\"wpOptions\":\"true\"}; if(window.DFLIP && window.DFLIP.parseBooks){window.DFLIP.parseBooks();}<\/script><\/div>\r\n                <\/div>\r\n              <\/div>\r\n            <\/div>\r\n          <\/div>\r\n        <\/div>\r\n      <\/div>\r\n      <div data-colibri-id=\"21459-c10\" class=\"h-row-container gutters-row-lg-1 gutters-row-md-1 gutters-row-0 gutters-row-v-lg-1 gutters-row-v-md-1 gutters-row-v-1 style-2844 style-local-21459-c10 position-relative\">\r\n        <!---->\r\n        <div class=\"h-row justify-content-lg-center justify-content-md-center justify-content-center align-items-lg-stretch align-items-md-stretch align-items-stretch gutters-col-lg-1 gutters-col-md-1 gutters-col-0 gutters-col-v-lg-1 gutters-col-v-md-1 gutters-col-v-1\">\r\n          <!---->\r\n          <div class=\"h-column h-column-container d-flex h-col-lg-auto h-col-md-auto h-col-auto style-2845-outer style-local-21459-c11-outer\">\r\n            <div data-colibri-id=\"21459-c11\" class=\"d-flex h-flex-basis h-column__inner h-px-lg-0 h-px-md-0 h-px-0 v-inner-lg-0 v-inner-md-0 v-inner-0 style-2845 style-local-21459-c11 position-relative\">\r\n              <!---->\r\n              <!---->\r\n              <div class=\"w-100 h-y-container h-column__content h-column__v-align flex-basis-100 align-self-lg-start align-self-md-start align-self-start\">\r\n                <!---->\r\n                <div data-colibri-id=\"21459-c12\" class=\"style-2843 style-local-21459-c12 position-relative h-element\">\r\n                  <!---->\r\n                  <div class=\"\"><iframe loading=\"lazy\" width=\"100%\" height=\"20\" scrolling=\"no\" frameborder=\"no\" allow=\"autoplay\" src=\"https:\/\/w.soundcloud.com\/player\/?url=https%3A\/\/api.soundcloud.com\/tracks\/soundcloud%253Atracks%253A2219347691&color=%23333333&inverse=true&auto_play=false&show_user=true\"><\/iframe><\/div>\r\n                <\/div>\r\n              <\/div>\r\n            <\/div>\r\n          <\/div>\r\n        <\/div>\r\n      <\/div>\r\n      <div data-colibri-id=\"21459-c13\" class=\"h-row-container gutters-row-lg-0 gutters-row-md-0 gutters-row-0 gutters-row-v-lg-0 gutters-row-v-md-0 gutters-row-v-0 style-2846 style-local-21459-c13 position-relative\">\r\n        <!---->\r\n        <div class=\"h-row justify-content-lg-center justify-content-md-center justify-content-center align-items-lg-stretch align-items-md-stretch align-items-stretch gutters-col-lg-0 gutters-col-md-0 gutters-col-0 gutters-col-v-lg-0 gutters-col-v-md-0 gutters-col-v-0\">\r\n          <!---->\r\n          <div class=\"h-column h-column-container d-flex h-col-lg-auto h-col-md-auto h-col-auto style-2847-outer style-local-21459-c14-outer\">\r\n            <div data-colibri-id=\"21459-c14\" class=\"d-flex h-flex-basis h-column__inner h-px-lg-0 h-px-md-0 h-px-0 v-inner-lg-0 v-inner-md-0 v-inner-0 style-2847 style-local-21459-c14 position-relative\">\r\n              <!---->\r\n              <!---->\r\n              <div class=\"w-100 h-y-container h-column__content h-column__v-align flex-basis-100 align-self-lg-start align-self-md-start align-self-start\">\r\n                <!---->\r\n                <div data-colibri-id=\"21459-c15\" class=\"h-text h-text-component style-2848 style-local-21459-c15 position-relative h-element\">\r\n                  <!---->\r\n                  <!---->\r\n                  <div class=\"\">\r\n                    <p>Concert opener \/ Light piece \u2022 2025\r\n                      <br>Grade 4 (advanced) \u2022 ca. 5 min. \u2022 FC Music Publishing\r\n                      <br>\r\n                    <\/p>\r\n                  <\/div>\r\n                <\/div>\r\n              <\/div>\r\n            <\/div>\r\n          <\/div>\r\n        <\/div>\r\n      <\/div>\r\n      <div data-colibri-id=\"21459-c16\" class=\"h-row-container gutters-row-lg-0 gutters-row-md-0 gutters-row-0 gutters-row-v-lg-0 gutters-row-v-md-0 gutters-row-v-0 style-2849 style-local-21459-c16 position-relative\">\r\n        <!---->\r\n        <div class=\"h-row justify-content-lg-center justify-content-md-center justify-content-center align-items-lg-stretch align-items-md-stretch align-items-stretch gutters-col-lg-0 gutters-col-md-0 gutters-col-0 gutters-col-v-lg-0 gutters-col-v-md-0 gutters-col-v-0\">\r\n          <!---->\r\n          <div class=\"h-column h-column-container d-flex h-col-lg-auto h-col-md-auto h-col-auto style-2850-outer style-local-21459-c17-outer\">\r\n            <div data-colibri-id=\"21459-c17\" class=\"d-flex h-flex-basis h-column__inner h-px-lg-2 h-px-md-2 h-px-2 v-inner-lg-2 v-inner-md-2 v-inner-2 style-2850 style-local-21459-c17 position-relative\">\r\n              <!---->\r\n              <!---->\r\n              <div class=\"w-100 h-y-container h-column__content h-column__v-align flex-basis-100 align-self-lg-start align-self-md-start align-self-start\">\r\n                <!---->\r\n                <div data-colibri-id=\"21459-c18\" class=\"h-x-container style-2851 style-local-21459-c18 position-relative h-element\">\r\n                  <!---->\r\n                  <div class=\"h-x-container-inner style-dynamic-21459-c18-group style-2851-spacing style-local-21459-c18-spacing\"><span class=\"h-button__outer style-2852-outer style-local-21459-c19-outer d-inline-flex h-element\"><a h-use-smooth-scroll=\"true\" href=\"https:\/\/www.bandmusicshop.ch\/terminal-fcmp019--sc?returnurl=%2fsearch%3fq%3dgauthier%2bdupertuis%26substoreid%3d%26count%3d50\" target=\"_blank\"  data-colibri-id=\"21459-c19\" class=\"d-flex w-100 align-items-center h-button justify-content-lg-center justify-content-md-center justify-content-center style-2852 style-local-21459-c19 position-relative\"><!----><span  class=\"h-svg-icon h-button__icon style-2852-icon style-local-21459-c19-icon\"><!--Icon by Font Awesome (https:\/\/fontawesome.com)-->\r\n    <svg version=\"1.1\" xmlns=\"http:\/\/www.w3.org\/2000\/svg\" xmlns:xlink=\"http:\/\/www.w3.org\/1999\/xlink\" id=\"shopping-cart\" viewbox=\"0 0 1664 1896.0833\">\r\n      <path d=\"M640 1536q0 52-38 90t-90 38-90-38-38-90 38-90 90-38 90 38 38 90zm896 0q0 52-38 90t-90 38-90-38-38-90 38-90 90-38 90 38 38 90zm128-1088v512q0 24-16.5 42.5T1607 1024L563 1146q13 60 13 70 0 16-24 64h920q26 0 45 19t19 45-19 45-45 19H448q-26 0-45-19t-19-45q0-11 8-31.5t16-36 21.5-40T445 1207L268 384H64q-26 0-45-19T0 320t19-45 45-19h256q16 0 28.5 6.5T368 278t13 24.5 8 26 5.5 29.5 4.5 26h1201q26 0 45 19t19 45z\"><\/path>\r\n    <\/svg><\/span> <span>Score<\/span><\/a>\r\n                    <\/span><span class=\"h-button__outer style-2852-outer style-local-21459-c20-outer d-inline-flex h-element\"><a h-use-smooth-scroll=\"true\" href=\"https:\/\/www.bandmusicshop.ch\/terminal-fcmp019--bra?returnurl=%2fsearch%3fq%3dgauthier%2bdupertuis%26substoreid%3d%26count%3d50\" target=\"_blank\"  data-colibri-id=\"21459-c20\" class=\"d-flex w-100 align-items-center h-button justify-content-lg-center justify-content-md-center justify-content-center style-2852 style-local-21459-c20 position-relative\"><!----><span  class=\"h-svg-icon h-button__icon style-2852-icon style-local-21459-c20-icon\"><!--Icon by Font Awesome (https:\/\/fontawesome.com)-->\r\n    <svg version=\"1.1\" xmlns=\"http:\/\/www.w3.org\/2000\/svg\" xmlns:xlink=\"http:\/\/www.w3.org\/1999\/xlink\" id=\"shopping-cart\" viewbox=\"0 0 1664 1896.0833\">\r\n      <path d=\"M640 1536q0 52-38 90t-90 38-90-38-38-90 38-90 90-38 90 38 38 90zm896 0q0 52-38 90t-90 38-90-38-38-90 38-90 90-38 90 38 38 90zm128-1088v512q0 24-16.5 42.5T1607 1024L563 1146q13 60 13 70 0 16-24 64h920q26 0 45 19t19 45-19 45-45 19H448q-26 0-45-19t-19-45q0-11 8-31.5t16-36 21.5-40T445 1207L268 384H64q-26 0-45-19T0 320t19-45 45-19h256q16 0 28.5 6.5T368 278t13 24.5 8 26 5.5 29.5 4.5 26h1201q26 0 45 19t19 45z\"><\/path>\r\n    <\/svg><\/span> <span>Complete Set<\/span><\/a>\r\n                    <\/span>\r\n                  <\/div>\r\n                <\/div>\r\n              <\/div>\r\n            <\/div>\r\n          <\/div>\r\n        <\/div>\r\n      <\/div>\r\n      <div data-colibri-id=\"21459-c21\" class=\"h-row-container gutters-row-lg-2 gutters-row-md-2 gutters-row-0 gutters-row-v-lg-2 gutters-row-v-md-2 gutters-row-v-2 style-2853 style-local-21459-c21 position-relative\">\r\n        <!---->\r\n        <div class=\"h-row justify-content-lg-center justify-content-md-center justify-content-center align-items-lg-stretch align-items-md-stretch align-items-stretch gutters-col-lg-2 gutters-col-md-2 gutters-col-0 gutters-col-v-lg-2 gutters-col-v-md-2 gutters-col-v-2\">\r\n          <!---->\r\n          <div class=\"h-column h-column-container d-flex h-col-lg-auto h-col-md-auto h-col-auto style-2854-outer style-local-21459-c22-outer\">\r\n            <div data-colibri-id=\"21459-c22\" class=\"d-flex h-flex-basis h-column__inner h-px-lg-2 h-px-md-2 h-px-2 v-inner-lg-2 v-inner-md-2 v-inner-2 style-2854 style-local-21459-c22 position-relative\">\r\n              <!---->\r\n              <!---->\r\n              <div class=\"w-100 h-y-container h-column__content h-column__v-align flex-basis-100 align-self-lg-start align-self-md-start align-self-start\">\r\n                <!---->\r\n                <div data-colibri-id=\"21459-c23\" class=\"h-text h-text-component style-2855 style-local-21459-c23 position-relative h-element\">\r\n                  <!---->\r\n                  <!---->\r\n                  <div class=\"\">\r\n                    <p><strong>Instrumentation :<\/strong>&nbsp;Standard BB instrumentation + 4Perc\r\n                      <br>\r\n                    <\/p>\r\n                  <\/div>\r\n                <\/div>\r\n                <div data-colibri-id=\"21459-c24\" class=\"h-text h-text-component style-2855 style-local-21459-c24 position-relative h-element\">\r\n                  <!---->\r\n                  <!---->\r\n                  <div class=\"\">\r\n                    <p><em>Terminal <\/em> est une \u0153uvre \u00e9nergique et dansante d\u00e9crivant l\u2019ambiance \u00e9lectrique d\u2019un terminal d\u2019a\u00e9roport, du matin jusqu&rsquo;au soir. Des structures rythmiques r\u00e9p\u00e9titives, symbolisant la constante agitation d\u2019un a\u00e9roport, servent\r\n                      de lien entre une introduction au caract\u00e8re majestueux et la partie centrale de l\u2019\u0153uvre, voyageant quant \u00e0 elle dans un univers teint\u00e9 de musique pop et funk des ann\u00e9es 80\/90. Cette section met \u00e9galement en \u00e9vidence les diff\u00e9rents\r\n                      solistes de l\u2019ensemble ainsi que le registre des percussions, avant que l&rsquo;oeuvre ne revienne \u00e0 son caract\u00e8re initial.<\/p>\r\n                    <p class=\"translation-block\">The piece was commissioned by the Swiss National Youth Brass Band for the 2025 session of its B ensemble, also marking the ensemble's 50th anniversary. It was premiered in July 2025, conducted by Stefan Roth.<\/p>\r\n                  <\/div>\r\n                <\/div>\r\n              <\/div>\r\n            <\/div>\r\n          <\/div>\r\n        <\/div>\r\n      <\/div>\r\n      <div data-colibri-id=\"21459-c25\" class=\"h-row-container gutters-row-lg-2 gutters-row-md-2 gutters-row-0 gutters-row-v-lg-2 gutters-row-v-md-2 gutters-row-v-2 style-3570 style-local-21459-c25 position-relative\">\r\n        <!---->\r\n        <div class=\"h-row justify-content-lg-center justify-content-md-center justify-content-center align-items-lg-stretch align-items-md-stretch align-items-stretch gutters-col-lg-2 gutters-col-md-2 gutters-col-0 gutters-col-v-lg-2 gutters-col-v-md-2 gutters-col-v-2\">\r\n          <!---->\r\n          <div class=\"h-column h-column-container d-flex h-col-lg-auto h-col-md-auto h-col-auto style-3571-outer style-local-21459-c26-outer\">\r\n            <div data-colibri-id=\"21459-c26\" class=\"d-flex h-flex-basis h-column__inner h-px-lg-2 h-px-md-2 h-px-2 v-inner-lg-2 v-inner-md-2 v-inner-2 style-3571 style-local-21459-c26 position-relative\">\r\n              <!---->\r\n              <!---->\r\n              <div class=\"w-100 h-y-container h-column__content h-column__v-align flex-basis-100 align-self-lg-center align-self-md-center align-self-center\">\r\n                <!---->\r\n                <div data-colibri-id=\"21459-c27\" class=\"style-3573 style-local-21459-c27 position-relative h-element\">\r\n                  <!---->\r\n                  <div class=\"\"><iframe loading=\"lazy\" width=\"560\" height=\"315\" src=\"https:\/\/www.youtube.com\/embed\/ZoOdl1QCq5M?si=9ii6Yu4xSaPwjPhF&amp;start=3060\" title=\"YouTube video player\" frameborder=\"0\" allow=\"accelerometer; autoplay; clipboard-write; encrypted-media; gyroscope; picture-in-picture; web-share\" referrerpolicy=\"strict-origin-when-cross-origin\" allowfullscreen><\/iframe><\/div>\r\n                <\/div>\r\n              <\/div>\r\n            <\/div>\r\n          <\/div>\r\n        <\/div>\r\n      <\/div>\r\n    <\/div>\r\n  <\/div>\r\n<\/div>","protected":false},"excerpt":{"rendered":"<p>pour brass band Indicatif de concert \/ Pi\u00e8ce l\u00e9g\u00e8re \u2022 2025 Difficult\u00e9 4 (avanc\u00e9) \u2022 ca. 5 min. \u2022 FC Music Publishing Score Set complet Instrumentation :&nbsp;Standard BB instrumentation + 4Perc Terminal est une \u0153uvre \u00e9nergique et dansante d\u00e9crivant l\u2019ambiance \u00e9lectrique d\u2019un terminal d\u2019a\u00e9roport, du matin jusqu&rsquo;au soir. Des structures rythmiques r\u00e9p\u00e9titives, symbolisant la constante [&hellip;]<\/p>\n","protected":false},"author":178170578,"featured_media":21460,"parent":0,"menu_order":-1,"comment_status":"closed","ping_status":"closed","template":"page-templates\/full-width-page.php","meta":{"footnotes":""},"class_list":["post-21459","page","type-page","status-publish","has-post-thumbnail","hentry"],"jetpack_likes_enabled":true,"jetpack_sharing_enabled":true,"jetpack_shortlink":"https:\/\/wp.me\/PbAZ0d-5A7","_links":{"self":[{"href":"https:\/\/gauthierdupertuis.com\/en\/wp-json\/wp\/v2\/pages\/21459","targetHints":{"allow":["GET"]}}],"collection":[{"href":"https:\/\/gauthierdupertuis.com\/en\/wp-json\/wp\/v2\/pages"}],"about":[{"href":"https:\/\/gauthierdupertuis.com\/en\/wp-json\/wp\/v2\/types\/page"}],"author":[{"embeddable":true,"href":"https:\/\/gauthierdupertuis.com\/en\/wp-json\/wp\/v2\/users\/178170578"}],"replies":[{"embeddable":true,"href":"https:\/\/gauthierdupertuis.com\/en\/wp-json\/wp\/v2\/comments?post=21459"}],"version-history":[{"count":20,"href":"https:\/\/gauthierdupertuis.com\/en\/wp-json\/wp\/v2\/pages\/21459\/revisions"}],"predecessor-version":[{"id":25604,"href":"https:\/\/gauthierdupertuis.com\/en\/wp-json\/wp\/v2\/pages\/21459\/revisions\/25604"}],"wp:featuredmedia":[{"embeddable":true,"href":"https:\/\/gauthierdupertuis.com\/en\/wp-json\/wp\/v2\/media\/21460"}],"wp:attachment":[{"href":"https:\/\/gauthierdupertuis.com\/en\/wp-json\/wp\/v2\/media?parent=21459"}],"curies":[{"name":"wp","href":"https:\/\/api.w.org\/{rel}","templated":true}]}}