{"id":20411,"date":"2024-06-10T11:32:57","date_gmt":"2024-06-10T09:32:57","guid":{"rendered":"https:\/\/gauthierdupertuis.com\/?page_id=20411"},"modified":"2026-02-25T03:34:10","modified_gmt":"2026-02-25T01:34:10","slug":"altheim","status":"publish","type":"page","link":"https:\/\/gauthierdupertuis.com\/en\/altheim\/","title":{"rendered":"Altheim"},"content":{"rendered":"<div data-colibri-id=\"20411-c1\" class=\"style-2696 style-local-20411-c1 position-relative\">\r\n  <div class=\"background-wrapper\">\r\n    <div class=\"background-layer background-layer-media-container-lg\">\r\n      <!---->\r\n      <div class=\"overlay-layer\">\r\n        <div class=\"overlay-image-layer\" style=\"background-color: rgb(0, 0, 0); opacity: 0.71;\"><\/div>\r\n      <\/div>\r\n    <\/div>\r\n    <div class=\"background-layer background-layer-media-container-md\">\r\n      <!---->\r\n      <div class=\"overlay-layer\">\r\n        <div class=\"overlay-image-layer\" style=\"background-color: rgb(0, 0, 0); opacity: 0.71;\"><\/div>\r\n      <\/div>\r\n    <\/div>\r\n    <div class=\"background-layer background-layer-media-container\">\r\n      <!---->\r\n      <div class=\"overlay-layer\">\r\n        <div class=\"overlay-image-layer\" style=\"background-color: rgb(0, 0, 0); opacity: 0.71;\"><\/div>\r\n      <\/div>\r\n    <\/div>\r\n  <\/div>\r\n  <div data-colibri-component=\"section\" data-colibri-id=\"20411-c2\" id=\"custom\" class=\"h-section h-section-global-spacing d-flex align-items-lg-center align-items-md-center align-items-center style-2697 style-local-20411-c2 position-relative\">\r\n    <!---->\r\n    <!---->\r\n    <div class=\"h-section-grid-container h-section-boxed-container\">\r\n      <!---->\r\n      <div data-colibri-id=\"20411-c3\" class=\"h-row-container gutters-row-lg-0 gutters-row-md-0 gutters-row-0 gutters-row-v-lg-0 gutters-row-v-md-0 gutters-row-v-0 style-2698 style-local-20411-c3 position-relative\">\r\n        <!---->\r\n        <div class=\"h-row justify-content-lg-center justify-content-md-center justify-content-center align-items-lg-stretch align-items-md-stretch align-items-stretch gutters-col-lg-0 gutters-col-md-0 gutters-col-0 gutters-col-v-lg-0 gutters-col-v-md-0 gutters-col-v-0\">\r\n          <!---->\r\n          <div class=\"h-column h-column-container d-flex h-col-lg-auto h-col-md-auto h-col-auto style-2699-outer style-local-20411-c4-outer\">\r\n            <div data-colibri-id=\"20411-c4\" class=\"d-flex h-flex-basis h-column__inner h-px-lg-0 h-px-md-0 h-px-0 v-inner-lg-0 v-inner-md-0 v-inner-0 style-2699 style-local-20411-c4 position-relative\">\r\n              <!---->\r\n              <!---->\r\n              <div class=\"w-100 h-y-container h-column__content h-column__v-align flex-basis-100 align-self-lg-center align-self-md-center align-self-center\">\r\n                <!---->\r\n                <div data-colibri-id=\"20411-c5\" class=\"page-title style-2700 style-local-20411-c5 position-relative h-element\">\r\n                  <!---->\r\n                  <div class=\"h-page-title__outer style-2700-outer style-local-20411-c5-outer\">\r\n                    <div class=\"h-global-transition-all\"><span><h1 style='margin-bottom:0'>Altheim<\/h1><\/span><\/div>\r\n                  <\/div>\r\n                <\/div>\r\n                <div data-colibri-id=\"20411-c6\" class=\"h-text h-text-component style-2701 style-local-20411-c6 position-relative h-element\">\r\n                  <!---->\r\n                  <!---->\r\n                  <div class=\"\">\r\n                    <p>Symphonic March for Concert Band<\/p>\r\n                  <\/div>\r\n                <\/div>\r\n              <\/div>\r\n            <\/div>\r\n          <\/div>\r\n        <\/div>\r\n      <\/div>\r\n      <div data-colibri-id=\"20411-c7\" class=\"h-row-container gutters-row-lg-0 gutters-row-md-0 gutters-row-0 gutters-row-v-lg-0 gutters-row-v-md-0 gutters-row-v-0 style-2698 style-local-20411-c7 position-relative\">\r\n        <!---->\r\n        <div class=\"h-row justify-content-lg-center justify-content-md-center justify-content-center align-items-lg-stretch align-items-md-stretch align-items-stretch gutters-col-lg-0 gutters-col-md-0 gutters-col-0 gutters-col-v-lg-0 gutters-col-v-md-0 gutters-col-v-0\">\r\n          <!---->\r\n          <div class=\"h-column h-column-container d-flex h-col-lg h-col-md h-col-auto style-2699-outer style-local-20411-c8-outer\">\r\n            <div data-colibri-id=\"20411-c8\" class=\"d-flex h-flex-basis h-column__inner h-px-lg-0 h-px-md-0 h-px-0 v-inner-lg-0 v-inner-md-0 v-inner-0 style-2699 style-local-20411-c8 position-relative\">\r\n              <!---->\r\n              <!---->\r\n              <div class=\"w-100 h-y-container h-column__content h-column__v-align flex-basis-100 align-self-lg-center align-self-md-center align-self-center\">\r\n                <!---->\r\n                <div data-colibri-id=\"20411-c9\" class=\"style-2702 style-local-20411-c9 position-relative h-element\">\r\n                  <!---->\r\n                  <div class=\"\"><div class=\"_df_book df-lite\" id=\"df_20542\"  _slug=\"altheim-cb\" data-title=\"altheim-cb\" wpoptions=\"true\" thumbtype=\"\" ><\/div><script class=\"df-shortcode-script\" nowprocket type=\"application\/javascript\">window.option_df_20542 = {\"outline\":[],\"autoEnableOutline\":\"false\",\"autoEnableThumbnail\":\"false\",\"overwritePDFOutline\":\"false\",\"enableDownload\":\"false\",\"direction\":\"1\",\"pageSize\":\"0\",\"soundEnable\":\"false\",\"source\":\"https:\\\/\\\/gauthierdupertuis.com\\\/wp-content\\\/uploads\\\/2024\\\/07\\\/00-ALTHEIM-Score.pdf\",\"wpOptions\":\"true\"}; if(window.DFLIP && window.DFLIP.parseBooks){window.DFLIP.parseBooks();}<\/script><\/div>\r\n                <\/div>\r\n              <\/div>\r\n            <\/div>\r\n          <\/div>\r\n        <\/div>\r\n      <\/div>\r\n      <div data-colibri-id=\"20411-c10\" class=\"h-row-container gutters-row-lg-1 gutters-row-md-1 gutters-row-0 gutters-row-v-lg-1 gutters-row-v-md-1 gutters-row-v-1 style-2703 style-local-20411-c10 position-relative\">\r\n        <!---->\r\n        <div class=\"h-row justify-content-lg-center justify-content-md-center justify-content-center align-items-lg-stretch align-items-md-stretch align-items-stretch gutters-col-lg-1 gutters-col-md-1 gutters-col-0 gutters-col-v-lg-1 gutters-col-v-md-1 gutters-col-v-1\">\r\n          <!---->\r\n          <div class=\"h-column h-column-container d-flex h-col-lg-auto h-col-md-auto h-col-auto style-2704-outer style-local-20411-c11-outer\">\r\n            <div data-colibri-id=\"20411-c11\" class=\"d-flex h-flex-basis h-column__inner h-px-lg-0 h-px-md-0 h-px-0 v-inner-lg-0 v-inner-md-0 v-inner-0 style-2704 style-local-20411-c11 position-relative\">\r\n              <!---->\r\n              <!---->\r\n              <div class=\"w-100 h-y-container h-column__content h-column__v-align flex-basis-100 align-self-lg-start align-self-md-start align-self-start\">\r\n                <!---->\r\n                <div data-colibri-id=\"20411-c12\" class=\"style-2702 style-local-20411-c12 position-relative h-element\">\r\n                  <!---->\r\n                  <div class=\"\"><iframe loading=\"lazy\" width=\"100%\" height=\"20\" scrolling=\"no\" frameborder=\"no\" allow=\"autoplay\" src=\"https:\/\/w.soundcloud.com\/player\/?url=https%3A\/\/api.soundcloud.com\/tracks\/soundcloud%253Atracks%253A1983463839&color=%23333333&inverse=true&auto_play=false&show_user=true\"><\/iframe><\/div>\r\n                <\/div>\r\n              <\/div>\r\n            <\/div>\r\n          <\/div>\r\n        <\/div>\r\n      <\/div>\r\n      <div data-colibri-id=\"20411-c13\" class=\"h-row-container gutters-row-lg-0 gutters-row-md-0 gutters-row-0 gutters-row-v-lg-0 gutters-row-v-md-0 gutters-row-v-0 style-2706 style-local-20411-c13 position-relative\">\r\n        <!---->\r\n        <div class=\"h-row justify-content-lg-center justify-content-md-center justify-content-center align-items-lg-stretch align-items-md-stretch align-items-stretch gutters-col-lg-0 gutters-col-md-0 gutters-col-0 gutters-col-v-lg-0 gutters-col-v-md-0 gutters-col-v-0\">\r\n          <!---->\r\n          <div class=\"h-column h-column-container d-flex h-col-lg-auto h-col-md-auto h-col-auto style-2707-outer style-local-20411-c14-outer\">\r\n            <div data-colibri-id=\"20411-c14\" class=\"d-flex h-flex-basis h-column__inner h-px-lg-0 h-px-md-0 h-px-0 v-inner-lg-0 v-inner-md-0 v-inner-0 style-2707 style-local-20411-c14 position-relative\">\r\n              <!---->\r\n              <!---->\r\n              <div class=\"w-100 h-y-container h-column__content h-column__v-align flex-basis-100 align-self-lg-start align-self-md-start align-self-start\">\r\n                <!---->\r\n                <div data-colibri-id=\"20411-c15\" class=\"h-text h-text-component style-2708 style-local-20411-c15 position-relative h-element\">\r\n                  <!---->\r\n                  <!---->\r\n                  <div class=\"\">\r\n                    <p>Concert March \u2022 2024\r\n                      <br>Grade 3.5 (medium) \u2022 ca. 5 min. \u2022 FC Music Publishing\r\n                      <br>\r\n                    <\/p>\r\n                  <\/div>\r\n                <\/div>\r\n              <\/div>\r\n            <\/div>\r\n          <\/div>\r\n        <\/div>\r\n      <\/div>\r\n      <div data-colibri-id=\"20411-c16\" class=\"h-row-container gutters-row-lg-0 gutters-row-md-0 gutters-row-0 gutters-row-v-lg-0 gutters-row-v-md-0 gutters-row-v-0 style-2709 style-local-20411-c16 position-relative\">\r\n        <!---->\r\n        <div class=\"h-row justify-content-lg-center justify-content-md-center justify-content-center align-items-lg-stretch align-items-md-stretch align-items-stretch gutters-col-lg-0 gutters-col-md-0 gutters-col-0 gutters-col-v-lg-0 gutters-col-v-md-0 gutters-col-v-0\">\r\n          <!---->\r\n          <div class=\"h-column h-column-container d-flex h-col-lg-auto h-col-md-auto h-col-auto style-2710-outer style-local-20411-c17-outer\">\r\n            <div data-colibri-id=\"20411-c17\" class=\"d-flex h-flex-basis h-column__inner h-px-lg-2 h-px-md-2 h-px-2 v-inner-lg-2 v-inner-md-2 v-inner-2 style-2710 style-local-20411-c17 position-relative\">\r\n              <!---->\r\n              <!---->\r\n              <div class=\"w-100 h-y-container h-column__content h-column__v-align flex-basis-100 align-self-lg-start align-self-md-start align-self-start\">\r\n                <!---->\r\n                <div data-colibri-id=\"20411-c18\" class=\"h-x-container style-2711 style-local-20411-c18 position-relative h-element\">\r\n                  <!---->\r\n                  <div class=\"h-x-container-inner style-dynamic-20411-c18-group style-2711-spacing style-local-20411-c18-spacing\"><span class=\"h-button__outer style-2712-outer style-local-20411-c19-outer d-inline-flex h-element\"><a h-use-smooth-scroll=\"true\" href=\"https:\/\/www.bandmusicshop.com\/altheim-fcmp017--sc?returnurl=%2fsearch%3fq%3dgauthier%2bdupertuis%26substoreid%3d%26count%3d50\" target=\"_blank\"  data-colibri-id=\"20411-c19\" class=\"d-flex w-100 align-items-center h-button justify-content-lg-center justify-content-md-center justify-content-center style-2712 style-local-20411-c19 position-relative\"><!----><span  class=\"h-svg-icon h-button__icon style-2712-icon style-local-20411-c19-icon\"><!--Icon by Font Awesome (https:\/\/fontawesome.com)-->\r\n    <svg version=\"1.1\" xmlns=\"http:\/\/www.w3.org\/2000\/svg\" xmlns:xlink=\"http:\/\/www.w3.org\/1999\/xlink\" id=\"shopping-cart\" viewbox=\"0 0 1664 1896.0833\">\r\n      <path d=\"M640 1536q0 52-38 90t-90 38-90-38-38-90 38-90 90-38 90 38 38 90zm896 0q0 52-38 90t-90 38-90-38-38-90 38-90 90-38 90 38 38 90zm128-1088v512q0 24-16.5 42.5T1607 1024L563 1146q13 60 13 70 0 16-24 64h920q26 0 45 19t19 45-19 45-45 19H448q-26 0-45-19t-19-45q0-11 8-31.5t16-36 21.5-40T445 1207L268 384H64q-26 0-45-19T0 320t19-45 45-19h256q16 0 28.5 6.5T368 278t13 24.5 8 26 5.5 29.5 4.5 26h1201q26 0 45 19t19 45z\"><\/path>\r\n    <\/svg><\/span> <span>Score<\/span><\/a>\r\n                    <\/span><span class=\"h-button__outer style-2712-outer style-local-20411-c20-outer d-inline-flex h-element\"><a h-use-smooth-scroll=\"true\" href=\"https:\/\/www.bandmusicshop.com\/altheim-fcmp017--cbha?returnurl=%2fsearch%3fq%3dgauthier%2bdupertuis%26substoreid%3d%26count%3d50\" target=\"_blank\"  data-colibri-id=\"20411-c20\" class=\"d-flex w-100 align-items-center h-button justify-content-lg-center justify-content-md-center justify-content-center style-2712 style-local-20411-c20 position-relative\"><!----><span  class=\"h-svg-icon h-button__icon style-2712-icon style-local-20411-c20-icon\"><!--Icon by Font Awesome (https:\/\/fontawesome.com)-->\r\n    <svg version=\"1.1\" xmlns=\"http:\/\/www.w3.org\/2000\/svg\" xmlns:xlink=\"http:\/\/www.w3.org\/1999\/xlink\" id=\"shopping-cart\" viewbox=\"0 0 1664 1896.0833\">\r\n      <path d=\"M640 1536q0 52-38 90t-90 38-90-38-38-90 38-90 90-38 90 38 38 90zm896 0q0 52-38 90t-90 38-90-38-38-90 38-90 90-38 90 38 38 90zm128-1088v512q0 24-16.5 42.5T1607 1024L563 1146q13 60 13 70 0 16-24 64h920q26 0 45 19t19 45-19 45-45 19H448q-26 0-45-19t-19-45q0-11 8-31.5t16-36 21.5-40T445 1207L268 384H64q-26 0-45-19T0 320t19-45 45-19h256q16 0 28.5 6.5T368 278t13 24.5 8 26 5.5 29.5 4.5 26h1201q26 0 45 19t19 45z\"><\/path>\r\n    <\/svg><\/span> <span>Complete Set<\/span><\/a>\r\n                    <\/span>\r\n                  <\/div>\r\n                <\/div>\r\n              <\/div>\r\n            <\/div>\r\n          <\/div>\r\n        <\/div>\r\n      <\/div>\r\n      <div data-colibri-id=\"20411-c21\" class=\"h-row-container gutters-row-lg-2 gutters-row-md-2 gutters-row-0 gutters-row-v-lg-2 gutters-row-v-md-2 gutters-row-v-2 style-2713 style-local-20411-c21 position-relative\">\r\n        <!---->\r\n        <div class=\"h-row justify-content-lg-center justify-content-md-center justify-content-center align-items-lg-stretch align-items-md-stretch align-items-stretch gutters-col-lg-2 gutters-col-md-2 gutters-col-0 gutters-col-v-lg-2 gutters-col-v-md-2 gutters-col-v-2\">\r\n          <!---->\r\n          <div class=\"h-column h-column-container d-flex h-col-lg-auto h-col-md-auto h-col-auto style-2714-outer style-local-20411-c22-outer\">\r\n            <div data-colibri-id=\"20411-c22\" class=\"d-flex h-flex-basis h-column__inner h-px-lg-2 h-px-md-2 h-px-2 v-inner-lg-2 v-inner-md-2 v-inner-2 style-2714 style-local-20411-c22 position-relative\">\r\n              <!---->\r\n              <!---->\r\n              <div class=\"w-100 h-y-container h-column__content h-column__v-align flex-basis-100 align-self-lg-start align-self-md-start align-self-start\">\r\n                <!---->\r\n                <div data-colibri-id=\"20411-c23\" class=\"h-text h-text-component style-2715 style-local-20411-c23 position-relative h-element\">\r\n                  <!---->\r\n                  <!---->\r\n                  <div class=\"\">\r\n                    <p><strong>Instrumentation :<\/strong>&nbsp;Picc, 2Fl, Ob(opt), Bsn(opt), EbCl, 3Cl, ACl(opt), BCl, 2ASax, TSax, BarSax, 3Tpt, 2Flg\/Cnt, 4Hn (4opt), 3Tbn, 2THn\/Euph, Tba, String Bass(opt), 4Perc\r\n                      <br>\r\n                    <\/p>\r\n                  <\/div>\r\n                <\/div>\r\n                <div data-colibri-id=\"20411-c24\" class=\"h-text h-text-component style-2715 style-local-20411-c24 position-relative h-element\">\r\n                  <!---->\r\n                  <!---->\r\n                  <div class=\"\">\r\n                    <p>The year 2025 marks the centenary of the Musikkappelle Altheim e. V, conducted by Oliver Herberger. To mark this occasion, the wind band commissioned me a concert march with a solemn and festive character.<\/p>\r\n                    <p class=\"translation-block\">The thematic material of the first section of the march is based on a three-note motif, as stated by the brass in the first measure. This is a musical transcription of the name of the town, \u201cALTHEIM\u201d = A, B, E (A\/AL, T (ti)\/H = B in German, E\/IM = mi). The second part of this theme presents a recurring motif throughout the march (m. 35 ff.). This first section has a festive and resolutely giocoso character. The trio presents a new, more lyrical and solemn theme. After a short divertimento based on the material from the first section, the theme returns in a majestic way, leading to a climactic finale.<\/p>\r\n                  <\/div>\r\n                <\/div>\r\n              <\/div>\r\n            <\/div>\r\n          <\/div>\r\n        <\/div>\r\n      <\/div>\r\n    <\/div>\r\n  <\/div>\r\n<\/div>","protected":false},"excerpt":{"rendered":"<p>marche de concert pour orchestre d&rsquo;harmonie Marche de concert \u2022 2024 Difficult\u00e9 3.5 (mod\u00e9r\u00e9) \u2022 env. 5 min. \u2022 FC Music Publishing Score Set complet Instrumentation :&nbsp;Picc, 2Fl, Ob(opt), Bsn(opt), EbCl, 3Cl, ACl(opt), BCl, 2ASax, TSax, BarSax, 3Tpt, 2Flg\/Cnt, 4Hn (4opt), 3Tbn, 2THn\/Euph, Tba, String Bass(opt), 4Perc L\u2019ann\u00e9e 2025 marque le centenaire de l\u2019harmonie Musikkappelle [&hellip;]<\/p>\n","protected":false},"author":178170578,"featured_media":6537,"parent":0,"menu_order":-1,"comment_status":"closed","ping_status":"closed","template":"page-templates\/full-width-page.php","meta":{"footnotes":""},"class_list":["post-20411","page","type-page","status-publish","has-post-thumbnail","hentry"],"jetpack_likes_enabled":true,"jetpack_sharing_enabled":true,"jetpack_shortlink":"https:\/\/wp.me\/PbAZ0d-5jd","_links":{"self":[{"href":"https:\/\/gauthierdupertuis.com\/en\/wp-json\/wp\/v2\/pages\/20411","targetHints":{"allow":["GET"]}}],"collection":[{"href":"https:\/\/gauthierdupertuis.com\/en\/wp-json\/wp\/v2\/pages"}],"about":[{"href":"https:\/\/gauthierdupertuis.com\/en\/wp-json\/wp\/v2\/types\/page"}],"author":[{"embeddable":true,"href":"https:\/\/gauthierdupertuis.com\/en\/wp-json\/wp\/v2\/users\/178170578"}],"replies":[{"embeddable":true,"href":"https:\/\/gauthierdupertuis.com\/en\/wp-json\/wp\/v2\/comments?post=20411"}],"version-history":[{"count":11,"href":"https:\/\/gauthierdupertuis.com\/en\/wp-json\/wp\/v2\/pages\/20411\/revisions"}],"predecessor-version":[{"id":23454,"href":"https:\/\/gauthierdupertuis.com\/en\/wp-json\/wp\/v2\/pages\/20411\/revisions\/23454"}],"wp:featuredmedia":[{"embeddable":true,"href":"https:\/\/gauthierdupertuis.com\/en\/wp-json\/wp\/v2\/media\/6537"}],"wp:attachment":[{"href":"https:\/\/gauthierdupertuis.com\/en\/wp-json\/wp\/v2\/media?parent=20411"}],"curies":[{"name":"wp","href":"https:\/\/api.w.org\/{rel}","templated":true}]}}