{"id":18571,"date":"2023-10-13T21:27:03","date_gmt":"2023-10-13T19:27:03","guid":{"rendered":"https:\/\/gauthierdupertuis.com\/?page_id=18571"},"modified":"2026-02-25T02:07:27","modified_gmt":"2026-02-25T00:07:27","slug":"salentin-cb","status":"publish","type":"page","link":"https:\/\/gauthierdupertuis.com\/en\/salentin-cb\/","title":{"rendered":"Salentin"},"content":{"rendered":"<div data-colibri-id=\"18571-c1\" class=\"style-2557 style-local-18571-c1 position-relative\">\r\n  <!---->\r\n  <div data-colibri-component=\"section\" data-colibri-id=\"18571-c2\" id=\"reusable-sections\" class=\"h-section h-section-global-spacing d-flex align-items-lg-center align-items-md-center align-items-center style-2558 style-local-18571-c2 position-relative\">\r\n    <div class=\"background-wrapper\">\r\n      <div class=\"background-layer background-layer-media-container-lg\">\r\n        <!---->\r\n        <div class=\"overlay-layer\">\r\n          <div class=\"overlay-image-layer\" style=\"background-color: rgb(0, 0, 0); opacity: 0.7;\"><\/div>\r\n        <\/div>\r\n      <\/div>\r\n      <div class=\"background-layer background-layer-media-container-md\">\r\n        <!---->\r\n        <div class=\"overlay-layer\">\r\n          <div class=\"overlay-image-layer\" style=\"background-color: rgb(0, 0, 0); opacity: 0.7;\"><\/div>\r\n        <\/div>\r\n      <\/div>\r\n      <div class=\"background-layer background-layer-media-container\">\r\n        <!---->\r\n        <div class=\"overlay-layer\">\r\n          <div class=\"overlay-image-layer\" style=\"background-color: rgb(0, 0, 0); opacity: 0.7;\"><\/div>\r\n        <\/div>\r\n      <\/div>\r\n    <\/div>\r\n    <!---->\r\n    <div class=\"h-section-grid-container h-section-boxed-container\">\r\n      <!---->\r\n      <div data-colibri-id=\"18571-c3\" class=\"h-row-container gutters-row-lg-0 gutters-row-md-0 gutters-row-0 gutters-row-v-lg-0 gutters-row-v-md-0 gutters-row-v-0 style-2559 style-local-18571-c3 position-relative\">\r\n        <!---->\r\n        <div class=\"h-row justify-content-lg-center justify-content-md-center justify-content-center align-items-lg-stretch align-items-md-stretch align-items-stretch gutters-col-lg-0 gutters-col-md-0 gutters-col-0 gutters-col-v-lg-0 gutters-col-v-md-0 gutters-col-v-0\">\r\n          <!---->\r\n          <div class=\"h-column h-column-container d-flex h-col-lg-auto h-col-md-auto h-col-auto style-2560-outer style-local-18571-c4-outer\">\r\n            <div data-colibri-id=\"18571-c4\" class=\"d-flex h-flex-basis h-column__inner h-px-lg-0 h-px-md-0 h-px-0 v-inner-lg-0 v-inner-md-0 v-inner-0 style-2560 style-local-18571-c4 position-relative\">\r\n              <!---->\r\n              <!---->\r\n              <div class=\"w-100 h-y-container h-column__content h-column__v-align flex-basis-100 align-self-lg-start align-self-md-start align-self-start\">\r\n                <!---->\r\n                <div data-colibri-id=\"18571-c5\" class=\"page-title style-2561 style-local-18571-c5 position-relative h-element\">\r\n                  <!---->\r\n                  <div class=\"h-page-title__outer style-2561-outer style-local-18571-c5-outer\">\r\n                    <div class=\"h-global-transition-all\"><span><h1 style='margin-bottom:0'>Salentin<\/h1><\/span><\/div>\r\n                  <\/div>\r\n                <\/div>\r\n                <div data-colibri-id=\"18571-c6\" class=\"h-text h-text-component style-2562 style-local-18571-c6 position-relative h-element\">\r\n                  <!---->\r\n                  <!---->\r\n                  <div class=\"\">\r\n                    <p>March for Wind Band<\/p>\r\n                  <\/div>\r\n                <\/div>\r\n              <\/div>\r\n            <\/div>\r\n          <\/div>\r\n        <\/div>\r\n      <\/div>\r\n      <div data-colibri-id=\"18571-c7\" class=\"h-row-container gutters-row-lg-1 gutters-row-md-1 gutters-row-0 gutters-row-v-lg-1 gutters-row-v-md-1 gutters-row-v-1 style-2563 style-local-18571-c7 position-relative\">\r\n        <!---->\r\n        <div class=\"h-row justify-content-lg-center justify-content-md-center justify-content-center align-items-lg-stretch align-items-md-stretch align-items-stretch gutters-col-lg-1 gutters-col-md-1 gutters-col-0 gutters-col-v-lg-1 gutters-col-v-md-1 gutters-col-v-1\">\r\n          <!---->\r\n          <div class=\"h-column h-column-container d-flex h-col-lg-auto h-col-md-auto h-col-auto style-2564-outer style-local-18571-c8-outer\">\r\n            <div data-colibri-id=\"18571-c8\" class=\"d-flex h-flex-basis h-column__inner h-px-lg-1 h-px-md-1 h-px-1 v-inner-lg-1 v-inner-md-1 v-inner-1 style-2564 style-local-18571-c8 position-relative\">\r\n              <!---->\r\n              <!---->\r\n              <div class=\"w-100 h-y-container h-column__content h-column__v-align flex-basis-100 align-self-lg-start align-self-md-start align-self-start\">\r\n                <!---->\r\n                <div data-colibri-id=\"18571-c9\" class=\"style-2565 style-local-18571-c9 position-relative h-element\">\r\n                  <!---->\r\n                  <div class=\"\"><div class=\"_df_book df-lite\" id=\"df_18638\"  _slug=\"salentin-wb\" data-title=\"salentin-wb\" wpoptions=\"true\" thumbtype=\"\" ><\/div><script class=\"df-shortcode-script\" nowprocket type=\"application\/javascript\">window.option_df_18638 = {\"outline\":[],\"autoEnableOutline\":\"false\",\"autoEnableThumbnail\":\"false\",\"overwritePDFOutline\":\"false\",\"enableDownload\":\"false\",\"direction\":\"1\",\"pageSize\":\"0\",\"soundEnable\":\"false\",\"source\":\"https:\\\/\\\/gauthierdupertuis.com\\\/wp-content\\\/uploads\\\/2023\\\/10\\\/00-SALENTIN-WB-Score-3.pdf\",\"wpOptions\":\"true\"}; if(window.DFLIP && window.DFLIP.parseBooks){window.DFLIP.parseBooks();}<\/script><\/div>\r\n                <\/div>\r\n                <div data-colibri-id=\"18571-c10\" class=\"style-2565 style-local-18571-c10 position-relative h-element\">\r\n                  <!---->\r\n                  <div class=\"\"><iframe loading=\"lazy\" width=\"100%\" height=\"20\" scrolling=\"no\" frameborder=\"no\" allow=\"autoplay\" src=\"https:\/\/w.soundcloud.com\/player\/?url=https%3A\/\/api.soundcloud.com\/tracks\/soundcloud%253Atracks%253A1746128376&color=%23333333&inverse=true&auto_play=false&show_user=true\"><\/iframe><\/div>\r\n                <\/div>\r\n                <div data-colibri-id=\"18571-c11\" class=\"h-text h-text-component style-2566 style-local-18571-c11 position-relative h-element\">\r\n                  <!---->\r\n                  <!---->\r\n                  <div class=\"\">\r\n                    <p>March \u2022 2023\r\n                      <br>Grade 3 (moderate)\u00a0\u2022 03:30\u00a0\u2022 FC Music Publishing<\/p>\r\n                  <\/div>\r\n                <\/div>\r\n                <div data-colibri-id=\"18571-c12\" class=\"h-text h-text-component style-2566 style-local-18571-c12 position-relative h-element\">\r\n                  <!---->\r\n                  <!---->\r\n                  <div class=\"\">\r\n                    <p><em style=\"font-family: Montserrat; font-weight: 300; font-size: 14px; color: rgb(255, 255, 255);\">Also available for&nbsp;<\/em>\r\n                      <a href=\"https:\/\/gauthierdupertuis.com\/en\/music\/salentin-bb\/\" style=\"font-family: Montserrat; font-weight: 400; font-size: 14px; color: rgb(255, 255, 255);\"><em>Brass Band<\/em><\/a><span style=\"font-family: Montserrat;\">.<\/span><\/p>\r\n                  <\/div>\r\n                <\/div>\r\n              <\/div>\r\n            <\/div>\r\n          <\/div>\r\n        <\/div>\r\n      <\/div>\r\n      <div data-colibri-id=\"18571-c13\" class=\"h-row-container gutters-row-lg-1 gutters-row-md-1 gutters-row-0 gutters-row-v-lg-1 gutters-row-v-md-1 gutters-row-v-1 style-2567 style-local-18571-c13 position-relative\">\r\n        <!---->\r\n        <div class=\"h-row justify-content-lg-center justify-content-md-center justify-content-center align-items-lg-stretch align-items-md-stretch align-items-stretch gutters-col-lg-1 gutters-col-md-1 gutters-col-0 gutters-col-v-lg-1 gutters-col-v-md-1 gutters-col-v-1\">\r\n          <!---->\r\n          <div class=\"h-column h-column-container d-flex h-col-lg-auto h-col-md-auto h-col-auto style-2568-outer style-local-18571-c14-outer\">\r\n            <div data-colibri-id=\"18571-c14\" class=\"d-flex h-flex-basis h-column__inner h-px-lg-1 h-px-md-1 h-px-1 v-inner-lg-1 v-inner-md-1 v-inner-1 style-2568 style-local-18571-c14 position-relative\">\r\n              <!---->\r\n              <!---->\r\n              <div class=\"w-100 h-y-container h-column__content h-column__v-align flex-basis-100 align-self-lg-start align-self-md-start align-self-start\">\r\n                <!---->\r\n                <div data-colibri-id=\"18571-c15\" class=\"h-x-container style-2569 style-local-18571-c15 position-relative h-element\">\r\n                  <!---->\r\n                  <div class=\"h-x-container-inner style-dynamic-18571-c15-group style-2569-spacing style-local-18571-c15-spacing\"><span class=\"h-button__outer style-2570-outer style-local-18571-c16-outer d-inline-flex h-element\"><a h-use-smooth-scroll=\"true\" href=\"https:\/\/www.bandmusicshop.com\/salentin-fcmp008--sc?returnurl=%2fsearch%3fq%3dgauthier%2bdupertuis%26substoreid%3d%26count%3d50\"  data-colibri-id=\"18571-c16\" class=\"d-flex w-100 align-items-center h-button justify-content-lg-center justify-content-md-center justify-content-center style-2570 style-local-18571-c16 position-relative\"><!----><span  class=\"h-svg-icon h-button__icon style-2570-icon style-local-18571-c16-icon\"><!--Icon by Font Awesome (https:\/\/fontawesome.com)-->\r\n    <svg version=\"1.1\" xmlns=\"http:\/\/www.w3.org\/2000\/svg\" xmlns:xlink=\"http:\/\/www.w3.org\/1999\/xlink\" id=\"shopping-cart\" viewbox=\"0 0 1664 1896.0833\">\r\n      <path d=\"M640 1536q0 52-38 90t-90 38-90-38-38-90 38-90 90-38 90 38 38 90zm896 0q0 52-38 90t-90 38-90-38-38-90 38-90 90-38 90 38 38 90zm128-1088v512q0 24-16.5 42.5T1607 1024L563 1146q13 60 13 70 0 16-24 64h920q26 0 45 19t19 45-19 45-45 19H448q-26 0-45-19t-19-45q0-11 8-31.5t16-36 21.5-40T445 1207L268 384H64q-26 0-45-19T0 320t19-45 45-19h256q16 0 28.5 6.5T368 278t13 24.5 8 26 5.5 29.5 4.5 26h1201q26 0 45 19t19 45z\"><\/path>\r\n    <\/svg><\/span> <span>Score<\/span><\/a>\r\n                    <\/span><span class=\"h-button__outer style-2570-outer style-local-18571-c17-outer d-inline-flex h-element\"><a h-use-smooth-scroll=\"true\" href=\"https:\/\/www.bandmusicshop.com\/salentin-fcmp008--cbha?returnurl=%2fsearch%3fq%3dgauthier%2bdupertuis%26substoreid%3d\"  data-colibri-id=\"18571-c17\" class=\"d-flex w-100 align-items-center h-button justify-content-lg-center justify-content-md-center justify-content-center style-2570 style-local-18571-c17 position-relative\"><!----><span  class=\"h-svg-icon h-button__icon style-2570-icon style-local-18571-c17-icon\"><!--Icon by Font Awesome (https:\/\/fontawesome.com)-->\r\n    <svg version=\"1.1\" xmlns=\"http:\/\/www.w3.org\/2000\/svg\" xmlns:xlink=\"http:\/\/www.w3.org\/1999\/xlink\" id=\"shopping-cart\" viewbox=\"0 0 1664 1896.0833\">\r\n      <path d=\"M640 1536q0 52-38 90t-90 38-90-38-38-90 38-90 90-38 90 38 38 90zm896 0q0 52-38 90t-90 38-90-38-38-90 38-90 90-38 90 38 38 90zm128-1088v512q0 24-16.5 42.5T1607 1024L563 1146q13 60 13 70 0 16-24 64h920q26 0 45 19t19 45-19 45-45 19H448q-26 0-45-19t-19-45q0-11 8-31.5t16-36 21.5-40T445 1207L268 384H64q-26 0-45-19T0 320t19-45 45-19h256q16 0 28.5 6.5T368 278t13 24.5 8 26 5.5 29.5 4.5 26h1201q26 0 45 19t19 45z\"><\/path>\r\n    <\/svg><\/span> <span>Complete Set<\/span><\/a>\r\n                    <\/span>\r\n                  <\/div>\r\n                <\/div>\r\n              <\/div>\r\n            <\/div>\r\n          <\/div>\r\n        <\/div>\r\n      <\/div>\r\n      <div data-colibri-id=\"18571-c18\" class=\"h-row-container gutters-row-lg-2 gutters-row-md-2 gutters-row-0 gutters-row-v-lg-2 gutters-row-v-md-2 gutters-row-v-2 style-2571 style-local-18571-c18 position-relative\">\r\n        <!---->\r\n        <div class=\"h-row justify-content-lg-center justify-content-md-center justify-content-center align-items-lg-stretch align-items-md-stretch align-items-stretch gutters-col-lg-2 gutters-col-md-2 gutters-col-0 gutters-col-v-lg-2 gutters-col-v-md-2 gutters-col-v-2\">\r\n          <!---->\r\n          <div class=\"h-column h-column-container d-flex h-col-lg-auto h-col-md-auto h-col-auto style-2572-outer style-local-18571-c19-outer\">\r\n            <div data-colibri-id=\"18571-c19\" class=\"d-flex h-flex-basis h-column__inner h-px-lg-2 h-px-md-2 h-px-2 v-inner-lg-2 v-inner-md-2 v-inner-2 style-2572 style-local-18571-c19 position-relative\">\r\n              <!---->\r\n              <!---->\r\n              <div class=\"w-100 h-y-container h-column__content h-column__v-align flex-basis-100 align-self-lg-start align-self-md-start align-self-start\">\r\n                <!---->\r\n                <div data-colibri-id=\"18571-c20\" class=\"h-text h-text-component style-2573 style-local-18571-c20 position-relative h-element\">\r\n                  <!---->\r\n                  <!---->\r\n                  <div class=\"\">\r\n                    <p><strong style=\"color: rgb(255, 255, 255); font-family: &quot;Open Sans&quot;; font-size: 16px;\">Instrumentation :<\/strong><span style=\"color: rgb(255, 255, 255); font-family: &quot;Open Sans&quot;; font-size: 16px; font-weight: 300;\">&nbsp;Picc(opt), 2Fl, Ob(opt), Bsn(opt), 3Cl, 2ASax, TSax, BarSax(opt), 3Tpt, 3Hn(3.opt), 3Tbn(3.opt), Euph, Tba, DBass(opt),&nbsp;4Perc(Snare\/BassDrum\/Cymbals\/Glock(opt)\/2Timp(opt))<\/span><\/p>\r\n                  <\/div>\r\n                <\/div>\r\n                <div data-colibri-id=\"18571-c21\" class=\"h-text h-text-component style-2573 style-local-18571-c21 position-relative h-element\">\r\n                  <!---->\r\n                  <!---->\r\n                  <div class=\"\">\r\n                    <p>Salentin est une marche pour orchestre d&rsquo;harmonie. Son nom fait r\u00e9f\u00e9rence \u00e0 la dent du Salentin (ou Salantin), qui est une montagne des Alpes valaisannes culminant \u00e0 2&rsquo;482 m\u00e8tres. Depuis son sommet, l&rsquo;on a une tr\u00e8s belle vue sur mon\r\n                      village d&rsquo;origine.<\/p>\r\n                    <p><span style=\"color: rgb(255, 255, 255); font-family: Montserrat; font-size: 16px; font-weight: 300;\">The first part, majestic and solemn in character, contrasts with a more cheerful Trio. This march was designed in such a way that all the registers of the ensemble are highlighted. It is suitable for performance in parade, but also as a concert march: optional parts such as timpani have been added.<\/span><\/p>\r\n                    <p>The march is dedicated to the Harmonie Municipale de Martigny and their conductor Dany Rossier, who offered the first performance during their concert on December 3, 2023.<\/p>\r\n                    <p>\r\n                      <br>\r\n                    <\/p>\r\n                  <\/div>\r\n                <\/div>\r\n              <\/div>\r\n            <\/div>\r\n          <\/div>\r\n        <\/div>\r\n      <\/div>\r\n    <\/div>\r\n  <\/div>\r\n<\/div>","protected":false},"excerpt":{"rendered":"<p>marche pour orchestre d&rsquo;harmonie Marche \u2022 2023 Difficult\u00e9 3 (mod\u00e9r\u00e9) \u2022 03:30 \u2022 FC Music Publishing Cette oeuvre existe \u00e9galement en version&nbsp; Brass Band. Score Set complet Instrumentation :&nbsp;Picc(opt), 2Fl, Ob(opt), Bsn(opt), 3Cl, 2ASax, TSax, BarSax(opt), 3Tpt, 3Hn(3.opt), 3Tbn(3.opt), Euph, Tba, DBass(opt),&nbsp;4Perc(Snare\/BassDrum\/Cymbals\/Glock(opt)\/2Timp(opt)) Salentin est une marche pour orchestre d&rsquo;harmonie. Son nom fait r\u00e9f\u00e9rence \u00e0 la [&hellip;]<\/p>\n","protected":false},"author":178170578,"featured_media":0,"parent":0,"menu_order":0,"comment_status":"closed","ping_status":"closed","template":"page-templates\/full-width-page.php","meta":{"footnotes":""},"class_list":["post-18571","page","type-page","status-publish","hentry"],"jetpack_likes_enabled":true,"jetpack_sharing_enabled":true,"jetpack_shortlink":"https:\/\/wp.me\/PbAZ0d-4Px","_links":{"self":[{"href":"https:\/\/gauthierdupertuis.com\/en\/wp-json\/wp\/v2\/pages\/18571","targetHints":{"allow":["GET"]}}],"collection":[{"href":"https:\/\/gauthierdupertuis.com\/en\/wp-json\/wp\/v2\/pages"}],"about":[{"href":"https:\/\/gauthierdupertuis.com\/en\/wp-json\/wp\/v2\/types\/page"}],"author":[{"embeddable":true,"href":"https:\/\/gauthierdupertuis.com\/en\/wp-json\/wp\/v2\/users\/178170578"}],"replies":[{"embeddable":true,"href":"https:\/\/gauthierdupertuis.com\/en\/wp-json\/wp\/v2\/comments?post=18571"}],"version-history":[{"count":20,"href":"https:\/\/gauthierdupertuis.com\/en\/wp-json\/wp\/v2\/pages\/18571\/revisions"}],"predecessor-version":[{"id":22232,"href":"https:\/\/gauthierdupertuis.com\/en\/wp-json\/wp\/v2\/pages\/18571\/revisions\/22232"}],"wp:attachment":[{"href":"https:\/\/gauthierdupertuis.com\/en\/wp-json\/wp\/v2\/media?parent=18571"}],"curies":[{"name":"wp","href":"https:\/\/api.w.org\/{rel}","templated":true}]}}