{"id":19781,"date":"2024-03-13T16:06:55","date_gmt":"2024-03-13T14:06:55","guid":{"rendered":"https:\/\/gauthierdupertuis.com\/?page_id=19781"},"modified":"2026-02-25T03:45:12","modified_gmt":"2026-02-25T01:45:12","slug":"plasma-cb","status":"publish","type":"page","link":"https:\/\/gauthierdupertuis.com\/de\/plasma-cb\/","title":{"rendered":"Plasma"},"content":{"rendered":"<div data-colibri-id=\"19781-c1\" class=\"style-2660 style-local-19781-c1 position-relative\">\n  <!---->\n  <div data-colibri-component=\"section\" data-colibri-id=\"19781-c2\" id=\"reusable-sections\" class=\"h-section h-section-global-spacing d-flex align-items-lg-center align-items-md-center align-items-center style-2661 style-local-19781-c2 position-relative\">\n    <div class=\"background-wrapper\">\n      <div class=\"background-layer background-layer-media-container-lg\">\n        <!---->\n        <div class=\"overlay-layer\">\n          <div class=\"overlay-image-layer\" style=\"background-color: rgb(0, 0, 0); opacity: 0.7;\"><\/div>\n        <\/div>\n      <\/div>\n      <div class=\"background-layer background-layer-media-container-md\">\n        <!---->\n        <div class=\"overlay-layer\">\n          <div class=\"overlay-image-layer\" style=\"background-color: rgb(0, 0, 0); opacity: 0.7;\"><\/div>\n        <\/div>\n      <\/div>\n      <div class=\"background-layer background-layer-media-container\">\n        <!---->\n        <div class=\"overlay-layer\">\n          <div class=\"overlay-image-layer\" style=\"background-color: rgb(0, 0, 0); opacity: 0.7;\"><\/div>\n        <\/div>\n      <\/div>\n    <\/div>\n    <!---->\n    <div class=\"h-section-grid-container h-section-boxed-container\">\n      <!---->\n      <div data-colibri-id=\"19781-c3\" class=\"h-row-container gutters-row-lg-0 gutters-row-md-0 gutters-row-0 gutters-row-v-lg-0 gutters-row-v-md-0 gutters-row-v-0 style-2662 style-local-19781-c3 position-relative\">\n        <!---->\n        <div class=\"h-row justify-content-lg-center justify-content-md-center justify-content-center align-items-lg-stretch align-items-md-stretch align-items-stretch gutters-col-lg-0 gutters-col-md-0 gutters-col-0 gutters-col-v-lg-0 gutters-col-v-md-0 gutters-col-v-0\">\n          <!---->\n          <div class=\"h-column h-column-container d-flex h-col-lg-auto h-col-md-auto h-col-auto style-2663-outer style-local-19781-c4-outer\">\n            <div data-colibri-id=\"19781-c4\" class=\"d-flex h-flex-basis h-column__inner h-px-lg-0 h-px-md-0 h-px-0 v-inner-lg-0 v-inner-md-0 v-inner-0 style-2663 style-local-19781-c4 position-relative\">\n              <!---->\n              <!---->\n              <div class=\"w-100 h-y-container h-column__content h-column__v-align flex-basis-100 align-self-lg-start align-self-md-start align-self-start\">\n                <!---->\n                <div data-colibri-id=\"19781-c5\" class=\"page-title style-2664 style-local-19781-c5 position-relative h-element\">\n                  <!---->\n                  <div class=\"h-page-title__outer style-2664-outer style-local-19781-c5-outer\">\n                    <div class=\"h-global-transition-all\"><span><h1 style='margin-bottom:0'>Plasma<\/h1><\/span><\/div>\n                  <\/div>\n                <\/div>\n                <div data-colibri-id=\"19781-c6\" class=\"h-text h-text-component style-2665 style-local-19781-c6 position-relative h-element\">\n                  <!---->\n                  <!---->\n                  <div class=\"\">\n                    <p><span style=\"font-weight: 300; font-size: 23.58px; font-family: &quot;Open Sans&quot;; color: rgb(153, 153, 153);\"> <\/span>f\u00fcr Blasorchester<\/p>\n                  <\/div>\n                <\/div>\n              <\/div>\n            <\/div>\n          <\/div>\n        <\/div>\n      <\/div>\n      <div data-colibri-id=\"19781-c7\" class=\"h-row-container gutters-row-lg-2 gutters-row-md-2 gutters-row-0 gutters-row-v-lg-2 gutters-row-v-md-2 gutters-row-v-2 style-2666 style-local-19781-c7 position-relative\">\n        <!---->\n        <div class=\"h-row justify-content-lg-center justify-content-md-center justify-content-center align-items-lg-stretch align-items-md-stretch align-items-stretch gutters-col-lg-2 gutters-col-md-2 gutters-col-0 gutters-col-v-lg-2 gutters-col-v-md-2 gutters-col-v-2\">\n          <!---->\n          <div class=\"h-column h-column-container d-flex h-col-lg-auto h-col-md-auto h-col-auto style-2667-outer style-local-19781-c8-outer\">\n            <div data-colibri-id=\"19781-c8\" class=\"d-flex h-flex-basis h-column__inner h-px-lg-2 h-px-md-2 h-px-2 v-inner-lg-2 v-inner-md-2 v-inner-2 style-2667 style-local-19781-c8 position-relative\">\n              <!---->\n              <!---->\n              <div class=\"w-100 h-y-container h-column__content h-column__v-align flex-basis-100 align-self-lg-start align-self-md-start align-self-start\">\n                <!---->\n                <div data-colibri-id=\"19781-c9\" class=\"style-2668 style-local-19781-c9 position-relative h-element\">\n                  <!---->\n                  <div class=\"\"><div class=\"_df_book df-lite\" id=\"df_20333\"  _slug=\"plasma-cb\" data-title=\"plasma-cb\" wpoptions=\"true\" thumbtype=\"\" ><\/div><script class=\"df-shortcode-script\" nowprocket type=\"application\/javascript\">window.option_df_20333 = {\"outline\":[],\"autoEnableOutline\":\"false\",\"autoEnableThumbnail\":\"false\",\"overwritePDFOutline\":\"false\",\"enableDownload\":\"false\",\"direction\":\"1\",\"pageSize\":\"0\",\"soundEnable\":\"false\",\"source\":\"https:\\\/\\\/gauthierdupertuis.com\\\/wp-content\\\/uploads\\\/2024\\\/06\\\/00-Plasma-WB-Score.pdf\",\"wpOptions\":\"true\"}; if(window.DFLIP && window.DFLIP.parseBooks){window.DFLIP.parseBooks();}<\/script><\/div>\n                <\/div>\n                <div data-colibri-id=\"19781-c10\" class=\"style-2668 style-local-19781-c10 position-relative h-element\">\n                  <!---->\n                  <div class=\"\"><iframe loading=\"lazy\" width=\"100%\" height=\"20\" scrolling=\"no\" frameborder=\"no\" allow=\"autoplay\" src=\"https:\/\/w.soundcloud.com\/player\/?url=https%3A\/\/api.soundcloud.com\/tracks\/soundcloud%253Atracks%253A2226179411&color=%23333333&inverse=true&auto_play=false&show_user=true\"><\/iframe><\/div>\n                <\/div>\n                <div data-colibri-id=\"19781-c11\" class=\"h-text h-text-component style-2669 style-local-19781-c11 position-relative h-element\">\n                  <!---->\n                  <!---->\n                  <div class=\"\">\n                    <p><span style=\"font-weight: 400; font-size: 20px; font-family: &quot;Open Sans&quot;; color: rgb(255, 255, 255);\">Konzerter\u00f6ffnung<\/span> \u2022 2024\n                      <br>Schwierigkeitsgrad 4 (fortgeschritten) \u2022 05:00 \u2022 FC Music Publishing<\/p>\n                  <\/div>\n                <\/div>\n                <div data-colibri-id=\"19781-c12\" class=\"h-text h-text-component style-2669 style-local-19781-c12 position-relative h-element\">\n                  <!---->\n                  <!---->\n                  <div class=\"\">\n                    <p><em style=\"color: rgb(255, 255, 255); font-family: Montserrat; font-size: 14px; font-weight: 300;\">Auch f\u00fcr&nbsp;<\/em>\n                      <a href=\"https:\/\/gauthierdupertuis.com\/de\/music\/plasma-fa\/\" style=\"color: rgb(255, 255, 255); font-family: Montserrat; font-size: 14px; font-weight: 400;\"><em>Fanfare Band<\/em><\/a><em style=\"color: rgb(255, 255, 255); font-family: Montserrat; font-size: 14px; font-weight: 300;\">.<\/em><\/p>\n                  <\/div>\n                <\/div>\n              <\/div>\n            <\/div>\n          <\/div>\n        <\/div>\n      <\/div>\n      <div data-colibri-id=\"19781-c13\" class=\"h-row-container gutters-row-lg-2 gutters-row-md-2 gutters-row-0 gutters-row-v-lg-2 gutters-row-v-md-2 gutters-row-v-2 style-2670 style-local-19781-c13 position-relative\">\n        <!---->\n        <div class=\"h-row justify-content-lg-center justify-content-md-center justify-content-center align-items-lg-stretch align-items-md-stretch align-items-stretch gutters-col-lg-2 gutters-col-md-2 gutters-col-0 gutters-col-v-lg-2 gutters-col-v-md-2 gutters-col-v-2\">\n          <!---->\n          <div class=\"h-column h-column-container d-flex h-col-lg-auto h-col-md-auto h-col-auto style-2671-outer style-local-19781-c14-outer\">\n            <div data-colibri-id=\"19781-c14\" class=\"d-flex h-flex-basis h-column__inner h-px-lg-2 h-px-md-2 h-px-2 v-inner-lg-2 v-inner-md-2 v-inner-2 style-2671 style-local-19781-c14 position-relative\">\n              <!---->\n              <!---->\n              <div class=\"w-100 h-y-container h-column__content h-column__v-align flex-basis-100 align-self-lg-start align-self-md-start align-self-start\">\n                <!---->\n                <div data-colibri-id=\"19781-c15\" class=\"h-x-container style-2672 style-local-19781-c15 position-relative h-element\">\n                  <!---->\n                  <div class=\"h-x-container-inner style-dynamic-19781-c15-group style-2672-spacing style-local-19781-c15-spacing\"><span class=\"h-button__outer style-2673-outer style-local-19781-c16-outer d-inline-flex h-element\"><a h-use-smooth-scroll=\"true\" href=\"https:\/\/www.bandmusicshop.com\/plasma-fcmp015--sc?returnurl=%2fsearch%3fq%3dgauthier%2bdupertuis%26substoreid%3d%26count%3d50\" target=\"_blank\"  data-colibri-id=\"19781-c16\" class=\"d-flex w-100 align-items-center h-button justify-content-lg-center justify-content-md-center justify-content-center style-2673 style-local-19781-c16 position-relative\"><!----><span  class=\"h-svg-icon h-button__icon style-2673-icon style-local-19781-c16-icon\"><!--Icon by Font Awesome (https:\/\/fontawesome.com)-->\n    <svg version=\"1.1\" xmlns=\"http:\/\/www.w3.org\/2000\/svg\" xmlns:xlink=\"http:\/\/www.w3.org\/1999\/xlink\" id=\"shopping-cart\" viewbox=\"0 0 1664 1896.0833\">\n      <path d=\"M640 1536q0 52-38 90t-90 38-90-38-38-90 38-90 90-38 90 38 38 90zm896 0q0 52-38 90t-90 38-90-38-38-90 38-90 90-38 90 38 38 90zm128-1088v512q0 24-16.5 42.5T1607 1024L563 1146q13 60 13 70 0 16-24 64h920q26 0 45 19t19 45-19 45-45 19H448q-26 0-45-19t-19-45q0-11 8-31.5t16-36 21.5-40T445 1207L268 384H64q-26 0-45-19T0 320t19-45 45-19h256q16 0 28.5 6.5T368 278t13 24.5 8 26 5.5 29.5 4.5 26h1201q26 0 45 19t19 45z\"><\/path>\n    <\/svg><\/span> <span>Partitur<\/span><\/a>\n                    <\/span><span class=\"h-button__outer style-2673-outer style-local-19781-c17-outer d-inline-flex h-element\"><a h-use-smooth-scroll=\"true\" href=\"https:\/\/www.bandmusicshop.com\/plasma-fcmp015--cbha?returnurl=%2fsearch%3fq%3dgauthier%2bdupertuis%26substoreid%3d%26count%3d50\" target=\"_blank\"  data-colibri-id=\"19781-c17\" class=\"d-flex w-100 align-items-center h-button justify-content-lg-center justify-content-md-center justify-content-center style-2673 style-local-19781-c17 position-relative\"><!----><span  class=\"h-svg-icon h-button__icon style-2673-icon style-local-19781-c17-icon\"><!--Icon by Font Awesome (https:\/\/fontawesome.com)-->\n    <svg version=\"1.1\" xmlns=\"http:\/\/www.w3.org\/2000\/svg\" xmlns:xlink=\"http:\/\/www.w3.org\/1999\/xlink\" id=\"shopping-cart\" viewbox=\"0 0 1664 1896.0833\">\n      <path d=\"M640 1536q0 52-38 90t-90 38-90-38-38-90 38-90 90-38 90 38 38 90zm896 0q0 52-38 90t-90 38-90-38-38-90 38-90 90-38 90 38 38 90zm128-1088v512q0 24-16.5 42.5T1607 1024L563 1146q13 60 13 70 0 16-24 64h920q26 0 45 19t19 45-19 45-45 19H448q-26 0-45-19t-19-45q0-11 8-31.5t16-36 21.5-40T445 1207L268 384H64q-26 0-45-19T0 320t19-45 45-19h256q16 0 28.5 6.5T368 278t13 24.5 8 26 5.5 29.5 4.5 26h1201q26 0 45 19t19 45z\"><\/path>\n    <\/svg><\/span> <span>Kompletter Satz<\/span><\/a>\n                    <\/span>\n                  <\/div>\n                <\/div>\n              <\/div>\n            <\/div>\n          <\/div>\n        <\/div>\n      <\/div>\n      <div data-colibri-id=\"19781-c18\" class=\"h-row-container gutters-row-lg-2 gutters-row-md-2 gutters-row-0 gutters-row-v-lg-2 gutters-row-v-md-2 gutters-row-v-2 style-2674 style-local-19781-c18 position-relative\">\n        <!---->\n        <div class=\"h-row justify-content-lg-center justify-content-md-center justify-content-center align-items-lg-stretch align-items-md-stretch align-items-stretch gutters-col-lg-2 gutters-col-md-2 gutters-col-0 gutters-col-v-lg-2 gutters-col-v-md-2 gutters-col-v-2\">\n          <!---->\n          <div class=\"h-column h-column-container d-flex h-col-lg-auto h-col-md-auto h-col-auto style-2675-outer style-local-19781-c19-outer\">\n            <div data-colibri-id=\"19781-c19\" class=\"d-flex h-flex-basis h-column__inner h-px-lg-2 h-px-md-2 h-px-2 v-inner-lg-2 v-inner-md-2 v-inner-2 style-2675 style-local-19781-c19 position-relative\">\n              <!---->\n              <!---->\n              <div class=\"w-100 h-y-container h-column__content h-column__v-align flex-basis-100 align-self-lg-start align-self-md-start align-self-start\">\n                <!---->\n                <div data-colibri-id=\"19781-c20\" class=\"h-text h-text-component style-2676 style-local-19781-c20 position-relative h-element\">\n                  <!---->\n                  <!---->\n                  <div class=\"\">\n                    <p><strong style=\"color: rgb(255, 255, 255); font-family: &quot;Open Sans&quot;; font-size: 16px;\">Instrumentation :<\/strong><span style=\"color: rgb(255, 255, 255); font-family: &quot;Open Sans&quot;; font-size: 16px; font-weight: 300;\">&nbsp;<\/span>Picc,\n                      2Fl, Ob(opt), EH(opt), Bsn(opt), 3Cl, ACl(opt), BCl, SopSax(opt), 2ASax, TSax, BarSax, 3Tpt, 4Hn (3&amp;4opt), 3Tbn, Euph, Tba, String Bass(opt), 4Perc<\/p>\n                  <\/div>\n                <\/div>\n                <div data-colibri-id=\"19781-c21\" class=\"h-text h-text-component style-2676 style-local-19781-c21 position-relative h-element\">\n                  <!---->\n                  <!---->\n                  <div class=\"\">\n                    <p class=\"translation-block\">Im Jahr 2024, anl\u00e4sslich ihres 150-j\u00e4hrigen Jubil\u00e4ums, gab mir das Schweizer Blasorchester MG Harmonie Biberist (Leitung: Maestro Miguel Etchegoncelay) ein Werk in Auftrag, das rhythmisch und eing\u00e4ngig sein sollte. Also dachte ich an ein frenetisches St\u00fcck, erf\u00fcllt von Energie und einem konstanten Pulsieren von der ersten bis zur letzten Note. Ich habe mich daher vom Zustand \u201ePlasma\u201c inspirieren lassen, dem vierten Zustand der Materie (nach dem festen, fl\u00fcssigen und gasf\u00f6rmigen Zustand), aus dem beispielsweise der Blitz oder die Sonne besteht.<\/p>\n                  <\/div>\n                <\/div>\n                <div data-colibri-id=\"19781-c22\" class=\"d-block style-2693 style-local-19781-c22 position-relative h-element\">\n                  <!---->\n                  <div class=\"h-image__frame-container-outer\">\n                    <div class=\"h-image__frame-container\">\n                      <!---->\n                      <!---->\n                      <img loading=\"lazy\" decoding=\"async\" width=\"1920\" height=\"1278\" data-attachment-id=\"20310\" data-permalink=\"https:\/\/gauthierdupertuis.com\/de\/plasma-ball-172948_1920\/\" data-orig-file=\"https:\/\/gauthierdupertuis.com\/wp-content\/uploads\/2024\/06\/plasma-ball-172948_1920.jpg\" data-orig-size=\"1920,1278\" data-comments-opened=\"1\" data-image-meta=\"{&quot;aperture&quot;:&quot;0&quot;,&quot;credit&quot;:&quot;&quot;,&quot;camera&quot;:&quot;&quot;,&quot;caption&quot;:&quot;&quot;,&quot;created_timestamp&quot;:&quot;0&quot;,&quot;copyright&quot;:&quot;&quot;,&quot;focal_length&quot;:&quot;0&quot;,&quot;iso&quot;:&quot;0&quot;,&quot;shutter_speed&quot;:&quot;0&quot;,&quot;title&quot;:&quot;&quot;,&quot;orientation&quot;:&quot;0&quot;}\" data-image-title=\"plasma-ball-172948_1920\" data-image-description=\"\" data-image-caption=\"&lt;p&gt;Une boule de plasma&lt;\/p&gt;\" data-large-file=\"https:\/\/gauthierdupertuis.com\/wp-content\/uploads\/2024\/06\/plasma-ball-172948_1920-1024x682.jpg\" src=\"https:\/\/gauthierdupertuis.com\/wp-content\/uploads\/2024\/06\/plasma-ball-172948_1920.jpg\" class=\"wp-image-20310 style-2693-image style-local-19781-c22-image\" alt=\"\" srcset=\"https:\/\/gauthierdupertuis.com\/wp-content\/uploads\/2024\/06\/plasma-ball-172948_1920.jpg 1920w, https:\/\/gauthierdupertuis.com\/wp-content\/uploads\/2024\/06\/plasma-ball-172948_1920-300x200.jpg 300w, https:\/\/gauthierdupertuis.com\/wp-content\/uploads\/2024\/06\/plasma-ball-172948_1920-1024x682.jpg 1024w, https:\/\/gauthierdupertuis.com\/wp-content\/uploads\/2024\/06\/plasma-ball-172948_1920-768x511.jpg 768w, https:\/\/gauthierdupertuis.com\/wp-content\/uploads\/2024\/06\/plasma-ball-172948_1920-391x260.jpg?crop=1 391w, https:\/\/gauthierdupertuis.com\/wp-content\/uploads\/2024\/06\/plasma-ball-172948_1920-1536x1022.jpg 1536w, https:\/\/gauthierdupertuis.com\/wp-content\/uploads\/2024\/06\/plasma-ball-172948_1920-18x12.jpg 18w, https:\/\/gauthierdupertuis.com\/wp-content\/uploads\/2024\/06\/plasma-ball-172948_1920-1200x799.jpg 1200w\" sizes=\"auto, (max-width: 1920px) 100vw, 1920px\" \/>\n                      <div class=\"h-image__frame h-hide-lg h-hide-md h-hide-sm style-2693-frameImage style-local-19781-c22-frameImage\"><\/div>\n                    <\/div>\n                    <div class=\"style-2693-caption style-local-19781-c22-caption\">\n                      Eine Plasmakugel\n                    <\/div>\n                  <\/div>\n                <\/div>\n              <\/div>\n            <\/div>\n          <\/div>\n        <\/div>\n      <\/div>\n      <div data-colibri-id=\"19781-c23\" class=\"h-row-container gutters-row-lg-2 gutters-row-md-2 gutters-row-0 gutters-row-v-lg-2 gutters-row-v-md-2 gutters-row-v-2 style-2694 style-local-19781-c23 position-relative\">\n        <!---->\n        <div class=\"h-row justify-content-lg-center justify-content-md-center justify-content-center align-items-lg-stretch align-items-md-stretch align-items-stretch gutters-col-lg-2 gutters-col-md-2 gutters-col-0 gutters-col-v-lg-2 gutters-col-v-md-2 gutters-col-v-2\">\n          <!---->\n          <div class=\"h-column h-column-container d-flex h-col-lg-auto h-col-md-auto h-col-auto style-2695-outer style-local-19781-c24-outer\">\n            <div data-colibri-id=\"19781-c24\" class=\"d-flex h-flex-basis h-column__inner h-px-lg-2 h-px-md-2 h-px-2 v-inner-lg-2 v-inner-md-2 v-inner-2 style-2695 style-local-19781-c24 position-relative\">\n              <!---->\n              <!---->\n              <div class=\"w-100 h-y-container h-column__content h-column__v-align flex-basis-100 align-self-lg-start align-self-md-start align-self-start\">\n                <!---->\n                <div data-colibri-id=\"19781-c25\" class=\"h-text h-text-component style-2676 style-local-19781-c25 position-relative h-element\">\n                  <!---->\n                  <!---->\n                  <div class=\"\">\n                    <p>Wie eine Plasmakugel, deren Farben und Formen sich st\u00e4ndig \u00e4ndern, ver\u00e4ndert sich das musikalische Material des Werks nach und nach, sowohl in den rhythmischen Signaturen und Harmonien als auch in den Atmosph\u00e4ren. Es ist das gleiche Material, aber immer in unterschiedlicher Form. Mal rhythmisch und t\u00e4nzerisch, mal feierlich und majest\u00e4tisch, mal sanft und lyrisch findet das Werk seine Einheit in der Omnipr\u00e4senz eines Ostinatos und \u00e4hnlicher rhythmischer und melodischer Strukturen.<\/p>\n                    <p class=\"translation-block\">Das Werk wurde am 21. September 2024 in Biberist uraufgef\u00fchrt, in Anwesenheit des Komponisten.<\/p>\n                  <\/div>\n                <\/div>\n              <\/div>\n            <\/div>\n          <\/div>\n        <\/div>\n      <\/div>\n    <\/div>\n  <\/div>\n<\/div>","protected":false},"excerpt":{"rendered":"<p>pour orchestre d&rsquo;harmonie Ouverture\/Indicatif de concert \u2022 2024 Difficult\u00e9 4 (avanc\u00e9) \u2022 05:00 \u2022 FC Music Publishing Cette oeuvre existe \u00e9galement en version&nbsp; Fanfare Band. Score Set complet Instrumentation :&nbsp;Picc, 2Fl, Ob(opt), EH(opt), Bsn(opt), 3Cl, ACl(opt), BCl, SopSax(opt), 2ASax, TSax, BarSax, 3Tpt, 4Hn (3&amp;4opt), 3Tbn, Euph, Tba, String Bass(opt), 4Perc En 2024, \u00e0 l\u2019occasion de [&hellip;]<\/p>\n","protected":false},"author":178170578,"featured_media":0,"parent":0,"menu_order":0,"comment_status":"closed","ping_status":"closed","template":"page-templates\/full-width-page.php","meta":{"footnotes":""},"class_list":["post-19781","page","type-page","status-publish","hentry"],"jetpack_likes_enabled":true,"jetpack_sharing_enabled":true,"jetpack_shortlink":"https:\/\/wp.me\/PbAZ0d-593","_links":{"self":[{"href":"https:\/\/gauthierdupertuis.com\/de\/wp-json\/wp\/v2\/pages\/19781","targetHints":{"allow":["GET"]}}],"collection":[{"href":"https:\/\/gauthierdupertuis.com\/de\/wp-json\/wp\/v2\/pages"}],"about":[{"href":"https:\/\/gauthierdupertuis.com\/de\/wp-json\/wp\/v2\/types\/page"}],"author":[{"embeddable":true,"href":"https:\/\/gauthierdupertuis.com\/de\/wp-json\/wp\/v2\/users\/178170578"}],"replies":[{"embeddable":true,"href":"https:\/\/gauthierdupertuis.com\/de\/wp-json\/wp\/v2\/comments?post=19781"}],"version-history":[{"count":20,"href":"https:\/\/gauthierdupertuis.com\/de\/wp-json\/wp\/v2\/pages\/19781\/revisions"}],"predecessor-version":[{"id":27965,"href":"https:\/\/gauthierdupertuis.com\/de\/wp-json\/wp\/v2\/pages\/19781\/revisions\/27965"}],"wp:attachment":[{"href":"https:\/\/gauthierdupertuis.com\/de\/wp-json\/wp\/v2\/media?parent=19781"}],"curies":[{"name":"wp","href":"https:\/\/api.w.org\/{rel}","templated":true}]}}