{"id":19684,"date":"2024-02-27T17:02:08","date_gmt":"2024-02-27T15:02:08","guid":{"rendered":"https:\/\/gauthierdupertuis.com\/?page_id=19684"},"modified":"2026-02-25T03:01:11","modified_gmt":"2026-02-25T01:01:11","slug":"magdalena-bay","status":"publish","type":"page","link":"https:\/\/gauthierdupertuis.com\/de\/magdalena-bay\/","title":{"rendered":"Magdalena Bay"},"content":{"rendered":"<div data-colibri-id=\"19684-c1\" class=\"style-2627 style-local-19684-c1 position-relative\">\r\n  <div class=\"background-wrapper\">\r\n    <div class=\"background-layer background-layer-media-container-lg\">\r\n      <!---->\r\n      <div class=\"overlay-layer\">\r\n        <div class=\"overlay-image-layer\" style=\"background-color: rgb(0, 0, 0); opacity: 0.7;\"><\/div>\r\n      <\/div>\r\n    <\/div>\r\n    <div class=\"background-layer background-layer-media-container-md\">\r\n      <!---->\r\n      <div class=\"overlay-layer\">\r\n        <div class=\"overlay-image-layer\" style=\"background-color: rgb(0, 0, 0); opacity: 0.7;\"><\/div>\r\n      <\/div>\r\n    <\/div>\r\n    <div class=\"background-layer background-layer-media-container\">\r\n      <!---->\r\n      <div class=\"overlay-layer\">\r\n        <div class=\"overlay-image-layer\" style=\"background-color: rgb(0, 0, 0); opacity: 0.7;\"><\/div>\r\n      <\/div>\r\n    <\/div>\r\n  <\/div>\r\n  <div data-colibri-component=\"section\" data-colibri-id=\"19684-c2\" id=\"custom\" class=\"h-section h-section-global-spacing d-flex align-items-lg-center align-items-md-center align-items-center style-2628 style-local-19684-c2 position-relative\">\r\n    <!---->\r\n    <!---->\r\n    <div class=\"h-section-grid-container h-section-boxed-container\">\r\n      <!---->\r\n      <div data-colibri-id=\"19684-c3\" class=\"h-row-container gutters-row-lg-0 gutters-row-md-0 gutters-row-0 gutters-row-v-lg-0 gutters-row-v-md-0 gutters-row-v-0 style-2629 style-local-19684-c3 position-relative\">\r\n        <!---->\r\n        <div class=\"h-row justify-content-lg-center justify-content-md-center justify-content-center align-items-lg-stretch align-items-md-stretch align-items-stretch gutters-col-lg-0 gutters-col-md-0 gutters-col-0 gutters-col-v-lg-0 gutters-col-v-md-0 gutters-col-v-0\">\r\n          <!---->\r\n          <div class=\"h-column h-column-container d-flex h-col-lg-auto h-col-md-auto h-col-auto style-2630-outer style-local-19684-c4-outer\">\r\n            <div data-colibri-id=\"19684-c4\" class=\"d-flex h-flex-basis h-column__inner h-px-lg-0 h-px-md-0 h-px-0 v-inner-lg-0 v-inner-md-0 v-inner-0 style-2630 style-local-19684-c4 position-relative\">\r\n              <!---->\r\n              <!---->\r\n              <div class=\"w-100 h-y-container h-column__content h-column__v-align flex-basis-100 align-self-lg-center align-self-md-center align-self-center\">\r\n                <!---->\r\n                <div data-colibri-id=\"19684-c5\" class=\"page-title style-2631 style-local-19684-c5 position-relative h-element\">\r\n                  <!---->\r\n                  <div class=\"h-page-title__outer style-2631-outer style-local-19684-c5-outer\">\r\n                    <div class=\"h-global-transition-all\"><span><h1 style='margin-bottom:0'>Magdalena Bay<\/h1><\/span><\/div>\r\n                  <\/div>\r\n                <\/div>\r\n                <div data-colibri-id=\"19684-c6\" class=\"h-text h-text-component style-2632 style-local-19684-c6 position-relative h-element\">\r\n                  <!---->\r\n                  <!---->\r\n                  <div class=\"\">\r\n                    <p>Sinfonische Dichtung f\u00fcr Brass Band<\/p>\r\n                  <\/div>\r\n                <\/div>\r\n              <\/div>\r\n            <\/div>\r\n          <\/div>\r\n        <\/div>\r\n      <\/div>\r\n      <div data-colibri-id=\"19684-c7\" class=\"h-row-container gutters-row-lg-0 gutters-row-md-0 gutters-row-0 gutters-row-v-lg-0 gutters-row-v-md-0 gutters-row-v-0 style-2629 style-local-19684-c7 position-relative\">\r\n        <!---->\r\n        <div class=\"h-row justify-content-lg-center justify-content-md-center justify-content-center align-items-lg-stretch align-items-md-stretch align-items-stretch gutters-col-lg-0 gutters-col-md-0 gutters-col-0 gutters-col-v-lg-0 gutters-col-v-md-0 gutters-col-v-0\">\r\n          <!---->\r\n          <div class=\"h-column h-column-container d-flex h-col-lg h-col-md h-col-auto style-2630-outer style-local-19684-c8-outer\">\r\n            <div data-colibri-id=\"19684-c8\" class=\"d-flex h-flex-basis h-column__inner h-px-lg-0 h-px-md-0 h-px-0 v-inner-lg-0 v-inner-md-0 v-inner-0 style-2630 style-local-19684-c8 position-relative\">\r\n              <!---->\r\n              <!---->\r\n              <div class=\"w-100 h-y-container h-column__content h-column__v-align flex-basis-100 align-self-lg-center align-self-md-center align-self-center\">\r\n                <!---->\r\n                <div data-colibri-id=\"19684-c9\" class=\"style-2633 style-local-19684-c9 position-relative h-element\">\r\n                  <!---->\r\n                  <div class=\"\"><div class=\"_df_book df-lite\" id=\"df_19955\"  _slug=\"magdalena-bay-bb\" data-title=\"magdalena-bay-bb\" wpoptions=\"true\" thumbtype=\"\" ><\/div><script class=\"df-shortcode-script\" nowprocket type=\"application\/javascript\">window.option_df_19955 = {\"outline\":[],\"autoEnableOutline\":\"false\",\"autoEnableThumbnail\":\"false\",\"overwritePDFOutline\":\"false\",\"enableDownload\":\"false\",\"direction\":\"1\",\"pageSize\":\"0\",\"soundEnable\":\"false\",\"source\":\"https:\\\/\\\/gauthierdupertuis.com\\\/wp-content\\\/uploads\\\/2024\\\/05\\\/00-MAGDALENA-BAY-BB-Score.pdf\",\"wpOptions\":\"true\"}; if(window.DFLIP && window.DFLIP.parseBooks){window.DFLIP.parseBooks();}<\/script><\/div>\r\n                <\/div>\r\n              <\/div>\r\n            <\/div>\r\n          <\/div>\r\n        <\/div>\r\n      <\/div>\r\n      <div data-colibri-id=\"19684-c10\" class=\"h-row-container gutters-row-lg-1 gutters-row-md-1 gutters-row-0 gutters-row-v-lg-1 gutters-row-v-md-1 gutters-row-v-1 style-2634 style-local-19684-c10 position-relative\">\r\n        <!---->\r\n        <div class=\"h-row justify-content-lg-center justify-content-md-center justify-content-center align-items-lg-stretch align-items-md-stretch align-items-stretch gutters-col-lg-1 gutters-col-md-1 gutters-col-0 gutters-col-v-lg-1 gutters-col-v-md-1 gutters-col-v-1\">\r\n          <!---->\r\n          <div class=\"h-column h-column-container d-flex h-col-lg-auto h-col-md-auto h-col-auto style-2635-outer style-local-19684-c11-outer\">\r\n            <div data-colibri-id=\"19684-c11\" class=\"d-flex h-flex-basis h-column__inner h-px-lg-0 h-px-md-0 h-px-0 v-inner-lg-0 v-inner-md-0 v-inner-0 style-2635 style-local-19684-c11 position-relative\">\r\n              <!---->\r\n              <!---->\r\n              <div class=\"w-100 h-y-container h-column__content h-column__v-align flex-basis-100 align-self-lg-start align-self-md-start align-self-start\">\r\n                <!---->\r\n                <div data-colibri-id=\"19684-c12\" class=\"style-2633 style-local-19684-c12 position-relative h-element\">\r\n                  <!---->\r\n                  <div class=\"\"><iframe loading=\"lazy\" width=\"100%\" height=\"20\" scrolling=\"no\" frameborder=\"no\" allow=\"autoplay\" src=\"https:\/\/w.soundcloud.com\/player\/?url=https%3A\/\/api.soundcloud.com\/tracks\/soundcloud%253Atracks%253A1822402851&color=%23333333&inverse=true&auto_play=false&show_user=true\"><\/iframe><\/div>\r\n                <\/div>\r\n                <div data-colibri-id=\"19684-c13\" class=\"h-text h-text-component style-2682 style-local-19684-c13 position-relative h-element\">\r\n                  <!---->\r\n                  <!---->\r\n                  <div class=\"\">\r\n                    <p>\r\n                      <a href=\"https:\/\/wobplay.com\/view?asset_id=VmOvO8wnoz\" target=\"_blank\" style=\"color: rgb(255, 255, 255);\" class=\"customize-unpreviewable\">zum Anh\u00f6ren : Live-Aufnahme auf <\/a>\r\n                      <a href=\"https:\/\/wobplay.com\/view?asset_id=VmOvO8wnoz\" target=\"_blank\" style=\"color: rgb(255, 255, 255); font-weight: 400;\" class=\"customize-unpreviewable\">wobplay<\/a><span style=\"color: rgb(255, 255, 255);\"><br><\/span><\/p>\r\n                  <\/div>\r\n                <\/div>\r\n              <\/div>\r\n            <\/div>\r\n          <\/div>\r\n        <\/div>\r\n      <\/div>\r\n      <div data-colibri-id=\"19684-c14\" class=\"h-row-container gutters-row-lg-0 gutters-row-md-0 gutters-row-0 gutters-row-v-lg-0 gutters-row-v-md-0 gutters-row-v-0 style-2636 style-local-19684-c14 position-relative\">\r\n        <!---->\r\n        <div class=\"h-row justify-content-lg-center justify-content-md-center justify-content-center align-items-lg-stretch align-items-md-stretch align-items-stretch gutters-col-lg-0 gutters-col-md-0 gutters-col-0 gutters-col-v-lg-0 gutters-col-v-md-0 gutters-col-v-0\">\r\n          <!---->\r\n          <div class=\"h-column h-column-container d-flex h-col-lg-auto h-col-md-auto h-col-auto style-2637-outer style-local-19684-c15-outer\">\r\n            <div data-colibri-id=\"19684-c15\" class=\"d-flex h-flex-basis h-column__inner h-px-lg-0 h-px-md-0 h-px-0 v-inner-lg-0 v-inner-md-0 v-inner-0 style-2637 style-local-19684-c15 position-relative\">\r\n              <!---->\r\n              <!---->\r\n              <div class=\"w-100 h-y-container h-column__content h-column__v-align flex-basis-100 align-self-lg-start align-self-md-start align-self-start\">\r\n                <!---->\r\n                <div data-colibri-id=\"19684-c16\" class=\"h-text h-text-component style-2638 style-local-19684-c16 position-relative h-element\">\r\n                  <!---->\r\n                  <!---->\r\n                  <div class=\"\">\r\n                    <p>Sinfonische Dichtung \u2022 2024\r\n                      <br>Schwierigkeitsgrad 5-6 (sehr schwer) \u2022 ca. 12-13 Min. \u2022 FC Music Publishing\r\n                      <br>\r\n                    <\/p>\r\n                  <\/div>\r\n                <\/div>\r\n              <\/div>\r\n            <\/div>\r\n          <\/div>\r\n        <\/div>\r\n      <\/div>\r\n      <div data-colibri-id=\"19684-c17\" class=\"h-row-container gutters-row-lg-0 gutters-row-md-0 gutters-row-0 gutters-row-v-lg-0 gutters-row-v-md-0 gutters-row-v-0 style-2639 style-local-19684-c17 position-relative\">\r\n        <!---->\r\n        <div class=\"h-row justify-content-lg-center justify-content-md-center justify-content-center align-items-lg-stretch align-items-md-stretch align-items-stretch gutters-col-lg-0 gutters-col-md-0 gutters-col-0 gutters-col-v-lg-0 gutters-col-v-md-0 gutters-col-v-0\">\r\n          <!---->\r\n          <div class=\"h-column h-column-container d-flex h-col-lg-auto h-col-md-auto h-col-auto style-2640-outer style-local-19684-c18-outer\">\r\n            <div data-colibri-id=\"19684-c18\" class=\"d-flex h-flex-basis h-column__inner h-px-lg-2 h-px-md-2 h-px-2 v-inner-lg-2 v-inner-md-2 v-inner-2 style-2640 style-local-19684-c18 position-relative\">\r\n              <!---->\r\n              <!---->\r\n              <div class=\"w-100 h-y-container h-column__content h-column__v-align flex-basis-100 align-self-lg-start align-self-md-start align-self-start\">\r\n                <!---->\r\n                <div data-colibri-id=\"19684-c19\" class=\"h-x-container style-2641 style-local-19684-c19 position-relative h-element\">\r\n                  <!---->\r\n                  <div class=\"h-x-container-inner style-dynamic-19684-c19-group style-2641-spacing style-local-19684-c19-spacing\"><span class=\"h-button__outer style-2642-outer style-local-19684-c20-outer d-inline-flex h-element\"><a h-use-smooth-scroll=\"true\" href=\"https:\/\/www.bandmusicshop.com\/magdalena-bay-fcmp014--sc?returnurl=%2fsearch%3fq%3dgauthier%2bdupertuis%26substoreid%3d%26count%3d50\" target=\"_blank\"  data-colibri-id=\"19684-c20\" class=\"d-flex w-100 align-items-center h-button justify-content-lg-center justify-content-md-center justify-content-center style-2642 style-local-19684-c20 position-relative\"><!----><span  class=\"h-svg-icon h-button__icon style-2642-icon style-local-19684-c20-icon\"><!--Icon by Font Awesome (https:\/\/fontawesome.com)-->\r\n    <svg version=\"1.1\" xmlns=\"http:\/\/www.w3.org\/2000\/svg\" xmlns:xlink=\"http:\/\/www.w3.org\/1999\/xlink\" id=\"shopping-cart\" viewbox=\"0 0 1664 1896.0833\">\r\n      <path d=\"M640 1536q0 52-38 90t-90 38-90-38-38-90 38-90 90-38 90 38 38 90zm896 0q0 52-38 90t-90 38-90-38-38-90 38-90 90-38 90 38 38 90zm128-1088v512q0 24-16.5 42.5T1607 1024L563 1146q13 60 13 70 0 16-24 64h920q26 0 45 19t19 45-19 45-45 19H448q-26 0-45-19t-19-45q0-11 8-31.5t16-36 21.5-40T445 1207L268 384H64q-26 0-45-19T0 320t19-45 45-19h256q16 0 28.5 6.5T368 278t13 24.5 8 26 5.5 29.5 4.5 26h1201q26 0 45 19t19 45z\"><\/path>\r\n    <\/svg><\/span> <span>Partitur<\/span><\/a>\r\n                    <\/span><span class=\"h-button__outer style-2642-outer style-local-19684-c21-outer d-inline-flex h-element\"><a h-use-smooth-scroll=\"true\" href=\"https:\/\/www.bandmusicshop.com\/magdalena-bay-fcmp014--bra?returnurl=%2fsearch%3fq%3dgauthier%2bdupertuis%26substoreid%3d%26count%3d50\" target=\"_blank\"  data-colibri-id=\"19684-c21\" class=\"d-flex w-100 align-items-center h-button justify-content-lg-center justify-content-md-center justify-content-center style-2642 style-local-19684-c21 position-relative\"><!----><span  class=\"h-svg-icon h-button__icon style-2642-icon style-local-19684-c21-icon\"><!--Icon by Font Awesome (https:\/\/fontawesome.com)-->\r\n    <svg version=\"1.1\" xmlns=\"http:\/\/www.w3.org\/2000\/svg\" xmlns:xlink=\"http:\/\/www.w3.org\/1999\/xlink\" id=\"shopping-cart\" viewbox=\"0 0 1664 1896.0833\">\r\n      <path d=\"M640 1536q0 52-38 90t-90 38-90-38-38-90 38-90 90-38 90 38 38 90zm896 0q0 52-38 90t-90 38-90-38-38-90 38-90 90-38 90 38 38 90zm128-1088v512q0 24-16.5 42.5T1607 1024L563 1146q13 60 13 70 0 16-24 64h920q26 0 45 19t19 45-19 45-45 19H448q-26 0-45-19t-19-45q0-11 8-31.5t16-36 21.5-40T445 1207L268 384H64q-26 0-45-19T0 320t19-45 45-19h256q16 0 28.5 6.5T368 278t13 24.5 8 26 5.5 29.5 4.5 26h1201q26 0 45 19t19 45z\"><\/path>\r\n    <\/svg><\/span> <span>Kompletter Satz<\/span><\/a>\r\n                    <\/span>\r\n                  <\/div>\r\n                <\/div>\r\n              <\/div>\r\n            <\/div>\r\n          <\/div>\r\n        <\/div>\r\n      <\/div>\r\n      <div data-colibri-id=\"19684-c22\" class=\"h-row-container gutters-row-lg-2 gutters-row-md-2 gutters-row-0 gutters-row-v-lg-2 gutters-row-v-md-2 gutters-row-v-2 style-2643 style-local-19684-c22 position-relative\">\r\n        <!---->\r\n        <div class=\"h-row justify-content-lg-center justify-content-md-center justify-content-center align-items-lg-stretch align-items-md-stretch align-items-stretch gutters-col-lg-2 gutters-col-md-2 gutters-col-0 gutters-col-v-lg-2 gutters-col-v-md-2 gutters-col-v-2\">\r\n          <!---->\r\n          <div class=\"h-column h-column-container d-flex h-col-lg-auto h-col-md-auto h-col-auto style-2644-outer style-local-19684-c23-outer\">\r\n            <div data-colibri-id=\"19684-c23\" class=\"d-flex h-flex-basis h-column__inner h-px-lg-2 h-px-md-2 h-px-2 v-inner-lg-2 v-inner-md-2 v-inner-2 style-2644 style-local-19684-c23 position-relative\">\r\n              <!---->\r\n              <!---->\r\n              <div class=\"w-100 h-y-container h-column__content h-column__v-align flex-basis-100 align-self-lg-start align-self-md-start align-self-start\">\r\n                <!---->\r\n                <div data-colibri-id=\"19684-c24\" class=\"h-text h-text-component style-2645 style-local-19684-c24 position-relative h-element\">\r\n                  <!---->\r\n                  <!---->\r\n                  <div class=\"\">\r\n                    <p><strong>Instrumentation :<\/strong>&nbsp;Standard BB instrumentation + 4Perc. (5Perc setting available from composer)\r\n                      <br>\r\n                    <\/p>\r\n                  <\/div>\r\n                <\/div>\r\n                <div data-colibri-id=\"19684-c25\" class=\"h-text h-text-component style-2645 style-local-19684-c25 position-relative h-element\">\r\n                  <!---->\r\n                  <!---->\r\n                  <div class=\"\">\r\n                    <p>Lors d\u2019un voyage \u00e0 Paris, j\u2019ai eu l\u2019occasion de visiter le mus\u00e9e du Louvre. Si celui-ci est surtout connu pour exposer la c\u00e9l\u00e8bre Joconde de Leonardo Da Vinci, il regorge de p\u00e9pites que l\u2019on d\u00e9couvre en se perdant dans ses diff\u00e9rentes\r\n                      galeries. Parmi ces tableaux moins connus, l\u2019un d\u2019eux m\u2019a particuli\u00e8rement touch\u00e9&nbsp;: <em>Magdalena Bay<\/em>,  des franz\u00f6sischen Malers Fran\u00e7ois-Auguste Biard (1799-1882).<\/p>\r\n                  <\/div>\r\n                <\/div>\r\n                <div data-colibri-id=\"19684-c26\" class=\"d-block style-2659 style-local-19684-c26 position-relative h-element\">\r\n                  <!---->\r\n                  <div class=\"h-image__frame-container-outer\">\r\n                    <div class=\"h-image__frame-container\">\r\n                      <!---->\r\n                      <!---->\r\n                      <img loading=\"lazy\" decoding=\"async\" width=\"2161\" height=\"1693\" data-attachment-id=\"19689\" data-permalink=\"https:\/\/gauthierdupertuis.com\/de\/sony-dsc\/\" data-orig-file=\"https:\/\/gauthierdupertuis.com\/wp-content\/uploads\/2024\/02\/Magdalena_Bay.jpg\" data-orig-size=\"2161,1693\" data-comments-opened=\"1\" data-image-meta=\"{&quot;aperture&quot;:&quot;3.5&quot;,&quot;credit&quot;:&quot;&quot;,&quot;camera&quot;:&quot;DSLR-A200&quot;,&quot;caption&quot;:&quot;SONY DSC&quot;,&quot;created_timestamp&quot;:&quot;1276330856&quot;,&quot;copyright&quot;:&quot;&quot;,&quot;focal_length&quot;:&quot;18&quot;,&quot;iso&quot;:&quot;400&quot;,&quot;shutter_speed&quot;:&quot;0.1&quot;,&quot;title&quot;:&quot;SONY DSC&quot;,&quot;orientation&quot;:&quot;1&quot;}\" data-image-title=\"SONY DSC\" data-image-description=\"\" data-image-caption=\"&lt;p&gt;Fran\u00e7ois-Auguste Biard (1799-1882) &amp;#8211; Magdalena Bay&lt;\/p&gt;\" data-large-file=\"https:\/\/gauthierdupertuis.com\/wp-content\/uploads\/2024\/02\/Magdalena_Bay-1024x802.jpg\" src=\"https:\/\/gauthierdupertuis.com\/wp-content\/uploads\/2024\/02\/Magdalena_Bay.jpg\" class=\"wp-image-19689 style-2659-image style-local-19684-c26-image\" alt=\"\" srcset=\"https:\/\/gauthierdupertuis.com\/wp-content\/uploads\/2024\/02\/Magdalena_Bay.jpg 2161w, https:\/\/gauthierdupertuis.com\/wp-content\/uploads\/2024\/02\/Magdalena_Bay-300x235.jpg 300w, https:\/\/gauthierdupertuis.com\/wp-content\/uploads\/2024\/02\/Magdalena_Bay-1024x802.jpg 1024w, https:\/\/gauthierdupertuis.com\/wp-content\/uploads\/2024\/02\/Magdalena_Bay-768x602.jpg 768w, https:\/\/gauthierdupertuis.com\/wp-content\/uploads\/2024\/02\/Magdalena_Bay-1536x1203.jpg 1536w, https:\/\/gauthierdupertuis.com\/wp-content\/uploads\/2024\/02\/Magdalena_Bay-2048x1604.jpg 2048w, https:\/\/gauthierdupertuis.com\/wp-content\/uploads\/2024\/02\/Magdalena_Bay-15x12.jpg 15w, https:\/\/gauthierdupertuis.com\/wp-content\/uploads\/2024\/02\/Magdalena_Bay-1200x940.jpg 1200w\" sizes=\"auto, (max-width: 2161px) 100vw, 2161px\" \/>\r\n                      <div class=\"h-image__frame h-hide-lg h-hide-md h-hide-sm style-2659-frameImage style-local-19684-c26-frameImage\"><\/div>\r\n                    <\/div>\r\n                    <div class=\"style-2659-caption style-local-19684-c26-caption\">\r\n                      Fran\u00e7ois-Auguste Biard (1799-1882) &#8211; Magdalena Bay\r\n                    <\/div>\r\n                  <\/div>\r\n                <\/div>\r\n                <div data-colibri-id=\"19684-c27\" class=\"h-text h-text-component style-2645 style-local-19684-c27 position-relative h-element\">\r\n                  <!---->\r\n                  <!---->\r\n                  <div class=\"\">\r\n                    <p>L\u2019\u0153uvre repr\u00e9sente un magnifique paysage enneig\u00e9 de l\u2019\u00eele norv\u00e9gienne du Spitzberg. Cependant, au premier plan, la pr\u00e9sence des d\u00e9bris d\u2019un navire, de corps recouverts de neige et d\u2019un personnage visiblement agonisant nous fait comprendre\r\n                      que de tragiques \u00e9v\u00e8nements y ont eu lieu. Ainsi, un fort contraste se forme sur cette toile entre la mort et le sublime, entre la d\u00e9solation des rescap\u00e9s du naufrage et la magnificence du paysage. Lorsqu\u2019on se penche plus en d\u00e9tail\r\n                      sur le tableau, l\u2019on remarque que des traces de pas ont \u00e9t\u00e9 faites dans la neige&nbsp;: ainsi, quelqu\u2019un serait-il parti chercher de l\u2019aide&nbsp;? Cette petite lueur d\u2019espoir rend le tableau encore plus touchant.<\/p>\r\n                    <p>J\u2019ai tent\u00e9 dans cette \u0153uvre de d\u00e9crire les diff\u00e9rents \u00e9l\u00e9ments du tableau, en usant de sections contrastantes et de dissonances (notamment, le conflit entre le mineur et le majeur) pour rendre la dualit\u00e9 entre la mort et le sublime.\r\n                      L\u2019\u0153uvre tente \u00e9galement de mettre en \u00e9vidence une palette assez large de couleurs orchestrales, des envol\u00e9es les plus chatoyantes aux plus sombres couleurs des cuivres graves.<\/p>\r\n                    <p>En 2024, cette \u0153uvre a remport\u00e9 le premier prix ainsi que le prix attribu\u00e9 par l\u2019orchestre lors du 9\u00e8me concours europ\u00e9en de composition pour Brass Band, qui se tenait \u00e0 Palanga (LT). La cr\u00e9ation a eu lieu le 2 mai 2024 par le Cory\r\n                      Band, sous la direction de Philip Harper.<\/p>\r\n                  <\/div>\r\n                <\/div>\r\n              <\/div>\r\n            <\/div>\r\n          <\/div>\r\n        <\/div>\r\n      <\/div>\r\n    <\/div>\r\n  <\/div>\r\n<\/div>","protected":false},"excerpt":{"rendered":"<p>po\u00e8me symphonique pour brass band Ecouter un enregistrement live sur wobplay Po\u00e8me symphonique \u2022 2024 Difficult\u00e9 5-6 (tr\u00e8s difficile) \u2022 ca. 12-13 min. \u2022 FC Music Publishing Score Set complet Instrumentation :&nbsp;Standard BB instrumentation + 4Perc. (5Perc setting available from composer) Lors d\u2019un voyage \u00e0 Paris, j\u2019ai eu l\u2019occasion de visiter le mus\u00e9e du Louvre. [&hellip;]<\/p>\n","protected":false},"author":178170578,"featured_media":6537,"parent":0,"menu_order":-1,"comment_status":"closed","ping_status":"closed","template":"page-templates\/full-width-page.php","meta":{"footnotes":""},"class_list":["post-19684","page","type-page","status-publish","has-post-thumbnail","hentry"],"jetpack_likes_enabled":true,"jetpack_sharing_enabled":true,"jetpack_shortlink":"https:\/\/wp.me\/PbAZ0d-57u","_links":{"self":[{"href":"https:\/\/gauthierdupertuis.com\/de\/wp-json\/wp\/v2\/pages\/19684","targetHints":{"allow":["GET"]}}],"collection":[{"href":"https:\/\/gauthierdupertuis.com\/de\/wp-json\/wp\/v2\/pages"}],"about":[{"href":"https:\/\/gauthierdupertuis.com\/de\/wp-json\/wp\/v2\/types\/page"}],"author":[{"embeddable":true,"href":"https:\/\/gauthierdupertuis.com\/de\/wp-json\/wp\/v2\/users\/178170578"}],"replies":[{"embeddable":true,"href":"https:\/\/gauthierdupertuis.com\/de\/wp-json\/wp\/v2\/comments?post=19684"}],"version-history":[{"count":20,"href":"https:\/\/gauthierdupertuis.com\/de\/wp-json\/wp\/v2\/pages\/19684\/revisions"}],"predecessor-version":[{"id":22253,"href":"https:\/\/gauthierdupertuis.com\/de\/wp-json\/wp\/v2\/pages\/19684\/revisions\/22253"}],"wp:featuredmedia":[{"embeddable":true,"href":"https:\/\/gauthierdupertuis.com\/de\/wp-json\/wp\/v2\/media\/6537"}],"wp:attachment":[{"href":"https:\/\/gauthierdupertuis.com\/de\/wp-json\/wp\/v2\/media?parent=19684"}],"curies":[{"name":"wp","href":"https:\/\/api.w.org\/{rel}","templated":true}]}}