{"id":18360,"date":"2023-08-15T21:22:55","date_gmt":"2023-08-15T19:22:55","guid":{"rendered":"https:\/\/gauthierdupertuis.com\/reinach-fanfare\/"},"modified":"2026-02-25T02:11:37","modified_gmt":"2026-02-25T00:11:37","slug":"reinach-jubilee","status":"publish","type":"page","link":"https:\/\/gauthierdupertuis.com\/de\/reinach-jubilee\/","title":{"rendered":"Reinach Jubilee"},"content":{"rendered":"<div data-colibri-id=\"18360-c1\" class=\"style-2504 style-local-18360-c1 position-relative\">\r\n  <!---->\r\n  <div data-colibri-component=\"section\" data-colibri-id=\"18360-c2\" id=\"reusable-sections\" class=\"h-section h-section-global-spacing d-flex align-items-lg-center align-items-md-center align-items-center style-2505 style-local-18360-c2 position-relative\">\r\n    <div class=\"background-wrapper\">\r\n      <div class=\"background-layer background-layer-media-container-lg\">\r\n        <!---->\r\n        <div class=\"overlay-layer\">\r\n          <div class=\"overlay-image-layer\" style=\"background-color: rgb(0, 0, 0); opacity: 0.7;\"><\/div>\r\n        <\/div>\r\n      <\/div>\r\n      <div class=\"background-layer background-layer-media-container-md\">\r\n        <!---->\r\n        <div class=\"overlay-layer\">\r\n          <div class=\"overlay-image-layer\" style=\"background-color: rgb(0, 0, 0); opacity: 0.7;\"><\/div>\r\n        <\/div>\r\n      <\/div>\r\n      <div class=\"background-layer background-layer-media-container\">\r\n        <!---->\r\n        <div class=\"overlay-layer\">\r\n          <div class=\"overlay-image-layer\" style=\"background-color: rgb(0, 0, 0); opacity: 0.7;\"><\/div>\r\n        <\/div>\r\n      <\/div>\r\n    <\/div>\r\n    <!---->\r\n    <div class=\"h-section-grid-container h-section-boxed-container\">\r\n      <!---->\r\n      <div data-colibri-id=\"18360-c3\" class=\"h-row-container gutters-row-lg-0 gutters-row-md-0 gutters-row-0 gutters-row-v-lg-0 gutters-row-v-md-0 gutters-row-v-0 style-2506 style-local-18360-c3 position-relative\">\r\n        <!---->\r\n        <div class=\"h-row justify-content-lg-center justify-content-md-center justify-content-center align-items-lg-stretch align-items-md-stretch align-items-stretch gutters-col-lg-0 gutters-col-md-0 gutters-col-0 gutters-col-v-lg-0 gutters-col-v-md-0 gutters-col-v-0\">\r\n          <!---->\r\n          <div class=\"h-column h-column-container d-flex h-col-lg-auto h-col-md-auto h-col-auto style-2507-outer style-local-18360-c4-outer\">\r\n            <div data-colibri-id=\"18360-c4\" class=\"d-flex h-flex-basis h-column__inner h-px-lg-0 h-px-md-0 h-px-0 v-inner-lg-0 v-inner-md-0 v-inner-0 style-2507 style-local-18360-c4 position-relative\">\r\n              <!---->\r\n              <!---->\r\n              <div class=\"w-100 h-y-container h-column__content h-column__v-align flex-basis-100 align-self-lg-start align-self-md-start align-self-start\">\r\n                <!---->\r\n                <div data-colibri-id=\"18360-c5\" class=\"page-title style-2508 style-local-18360-c5 position-relative h-element\">\r\n                  <!---->\r\n                  <div class=\"h-page-title__outer style-2508-outer style-local-18360-c5-outer\">\r\n                    <div class=\"h-global-transition-all\"><span><h1 style='margin-bottom:0'>Reinach Jubilee<\/h1><\/span><\/div>\r\n                  <\/div>\r\n                <\/div>\r\n                <div data-colibri-id=\"18360-c6\" class=\"h-text h-text-component style-2509 style-local-18360-c6 position-relative h-element\">\r\n                  <!---->\r\n                  <!---->\r\n                  <div class=\"\">\r\n                    <p><span style=\"color: rgb(153, 153, 153); font-family: &quot;Open Sans&quot;; font-size: 23.58px; font-weight: 300;\"> Eine festliche Overt\u00fcre<\/span>\r\n                      <br>f\u00fcr Blasorchester<\/p>\r\n                  <\/div>\r\n                <\/div>\r\n              <\/div>\r\n            <\/div>\r\n          <\/div>\r\n        <\/div>\r\n      <\/div>\r\n      <div data-colibri-id=\"18360-c7\" class=\"h-row-container gutters-row-lg-2 gutters-row-md-2 gutters-row-0 gutters-row-v-lg-2 gutters-row-v-md-2 gutters-row-v-2 style-2510 style-local-18360-c7 position-relative\">\r\n        <!---->\r\n        <div class=\"h-row justify-content-lg-center justify-content-md-center justify-content-center align-items-lg-stretch align-items-md-stretch align-items-stretch gutters-col-lg-2 gutters-col-md-2 gutters-col-0 gutters-col-v-lg-2 gutters-col-v-md-2 gutters-col-v-2\">\r\n          <!---->\r\n          <div class=\"h-column h-column-container d-flex h-col-lg-auto h-col-md-auto h-col-auto style-2511-outer style-local-18360-c8-outer\">\r\n            <div data-colibri-id=\"18360-c8\" class=\"d-flex h-flex-basis h-column__inner h-px-lg-2 h-px-md-2 h-px-2 v-inner-lg-2 v-inner-md-2 v-inner-2 style-2511 style-local-18360-c8 position-relative\">\r\n              <!---->\r\n              <!---->\r\n              <div class=\"w-100 h-y-container h-column__content h-column__v-align flex-basis-100 align-self-lg-start align-self-md-start align-self-start\">\r\n                <!---->\r\n                <div data-colibri-id=\"18360-c9\" class=\"style-2512 style-local-18360-c9 position-relative h-element\">\r\n                  <!---->\r\n                  <div class=\"\"><div class=\"_df_book df-lite\" id=\"df_18956\"  _slug=\"reinach-jubilee\" data-title=\"reinach-jubilee\" wpoptions=\"true\" thumbtype=\"\" ><\/div><script class=\"df-shortcode-script\" nowprocket type=\"application\/javascript\">window.option_df_18956 = {\"outline\":[],\"autoEnableOutline\":\"false\",\"autoEnableThumbnail\":\"false\",\"overwritePDFOutline\":\"false\",\"enableDownload\":\"false\",\"direction\":\"1\",\"pageSize\":\"0\",\"soundEnable\":\"false\",\"source\":\"https:\\\/\\\/gauthierdupertuis.com\\\/wp-content\\\/uploads\\\/2023\\\/10\\\/00-REINACH-JUBILEE-WB-Score-5.pdf\",\"wpOptions\":\"true\"}; if(window.DFLIP && window.DFLIP.parseBooks){window.DFLIP.parseBooks();}<\/script><\/div>\r\n                <\/div>\r\n                <div data-colibri-id=\"18360-c10\" class=\"style-2512 style-local-18360-c10 position-relative h-element\">\r\n                  <!---->\r\n                  <div class=\"\"><iframe loading=\"lazy\" width=\"100%\" height=\"20\" scrolling=\"no\" frameborder=\"no\" allow=\"autoplay\" src=\"https:\/\/w.soundcloud.com\/player\/?url=https%3A\/\/api.soundcloud.com\/tracks\/soundcloud%253Atracks%253A1648587165&color=%23333333&inverse=true&auto_play=false&show_user=true\"><\/iframe><\/div>\r\n                <\/div>\r\n                <div data-colibri-id=\"18360-c11\" class=\"h-text h-text-component style-2513 style-local-18360-c11 position-relative h-element\">\r\n                  <!---->\r\n                  <!---->\r\n                  <div class=\"\">\r\n                    <p>Konzerter\u00f6ffnung \u2022 2023\r\n                      <br>Schwierigkeitsgrad 4 (fortgeschritten) \u2022 04:30 \u2022 FC Music Publishing<\/p>\r\n                  <\/div>\r\n                <\/div>\r\n              <\/div>\r\n            <\/div>\r\n          <\/div>\r\n        <\/div>\r\n      <\/div>\r\n      <div data-colibri-id=\"18360-c12\" class=\"h-row-container gutters-row-lg-2 gutters-row-md-2 gutters-row-0 gutters-row-v-lg-2 gutters-row-v-md-2 gutters-row-v-2 style-2514 style-local-18360-c12 position-relative\">\r\n        <!---->\r\n        <div class=\"h-row justify-content-lg-center justify-content-md-center justify-content-center align-items-lg-stretch align-items-md-stretch align-items-stretch gutters-col-lg-2 gutters-col-md-2 gutters-col-0 gutters-col-v-lg-2 gutters-col-v-md-2 gutters-col-v-2\">\r\n          <!---->\r\n          <div class=\"h-column h-column-container d-flex h-col-lg-auto h-col-md-auto h-col-auto style-2515-outer style-local-18360-c13-outer\">\r\n            <div data-colibri-id=\"18360-c13\" class=\"d-flex h-flex-basis h-column__inner h-px-lg-2 h-px-md-2 h-px-2 v-inner-lg-2 v-inner-md-2 v-inner-2 style-2515 style-local-18360-c13 position-relative\">\r\n              <!---->\r\n              <!---->\r\n              <div class=\"w-100 h-y-container h-column__content h-column__v-align flex-basis-100 align-self-lg-start align-self-md-start align-self-start\">\r\n                <!---->\r\n                <div data-colibri-id=\"18360-c14\" class=\"h-x-container style-2516 style-local-18360-c14 position-relative h-element\">\r\n                  <!---->\r\n                  <div class=\"h-x-container-inner style-dynamic-18360-c14-group style-2516-spacing style-local-18360-c14-spacing\"><span class=\"h-button__outer style-2517-outer style-local-18360-c15-outer d-inline-flex h-element\"><a h-use-smooth-scroll=\"true\" href=\"https:\/\/www.bandmusicshop.com\/reinach-jubilee-fcmp010--sc\" target=\"_blank\"  data-colibri-id=\"18360-c15\" class=\"d-flex w-100 align-items-center h-button justify-content-lg-center justify-content-md-center justify-content-center style-2517 style-local-18360-c15 position-relative\"><!----><span  class=\"h-svg-icon h-button__icon style-2517-icon style-local-18360-c15-icon\"><!--Icon by Font Awesome (https:\/\/fontawesome.com)-->\r\n    <svg version=\"1.1\" xmlns=\"http:\/\/www.w3.org\/2000\/svg\" xmlns:xlink=\"http:\/\/www.w3.org\/1999\/xlink\" id=\"shopping-cart\" viewbox=\"0 0 1664 1896.0833\">\r\n      <path d=\"M640 1536q0 52-38 90t-90 38-90-38-38-90 38-90 90-38 90 38 38 90zm896 0q0 52-38 90t-90 38-90-38-38-90 38-90 90-38 90 38 38 90zm128-1088v512q0 24-16.5 42.5T1607 1024L563 1146q13 60 13 70 0 16-24 64h920q26 0 45 19t19 45-19 45-45 19H448q-26 0-45-19t-19-45q0-11 8-31.5t16-36 21.5-40T445 1207L268 384H64q-26 0-45-19T0 320t19-45 45-19h256q16 0 28.5 6.5T368 278t13 24.5 8 26 5.5 29.5 4.5 26h1201q26 0 45 19t19 45z\"><\/path>\r\n    <\/svg><\/span> <span>Partitur<\/span><\/a>\r\n                    <\/span><span class=\"h-button__outer style-2517-outer style-local-18360-c16-outer d-inline-flex h-element\"><a h-use-smooth-scroll=\"true\" href=\"https:\/\/www.bandmusicshop.com\/reinach-jubilee-fcmp010--cbha\" target=\"_blank\"  data-colibri-id=\"18360-c16\" class=\"d-flex w-100 align-items-center h-button justify-content-lg-center justify-content-md-center justify-content-center style-2517 style-local-18360-c16 position-relative\"><!----><span  class=\"h-svg-icon h-button__icon style-2517-icon style-local-18360-c16-icon\"><!--Icon by Font Awesome (https:\/\/fontawesome.com)-->\r\n    <svg version=\"1.1\" xmlns=\"http:\/\/www.w3.org\/2000\/svg\" xmlns:xlink=\"http:\/\/www.w3.org\/1999\/xlink\" id=\"shopping-cart\" viewbox=\"0 0 1664 1896.0833\">\r\n      <path d=\"M640 1536q0 52-38 90t-90 38-90-38-38-90 38-90 90-38 90 38 38 90zm896 0q0 52-38 90t-90 38-90-38-38-90 38-90 90-38 90 38 38 90zm128-1088v512q0 24-16.5 42.5T1607 1024L563 1146q13 60 13 70 0 16-24 64h920q26 0 45 19t19 45-19 45-45 19H448q-26 0-45-19t-19-45q0-11 8-31.5t16-36 21.5-40T445 1207L268 384H64q-26 0-45-19T0 320t19-45 45-19h256q16 0 28.5 6.5T368 278t13 24.5 8 26 5.5 29.5 4.5 26h1201q26 0 45 19t19 45z\"><\/path>\r\n    <\/svg><\/span> <span>Kompletter Satz<\/span><\/a>\r\n                    <\/span>\r\n                  <\/div>\r\n                <\/div>\r\n              <\/div>\r\n            <\/div>\r\n          <\/div>\r\n        <\/div>\r\n      <\/div>\r\n      <div data-colibri-id=\"18360-c17\" class=\"h-row-container gutters-row-lg-2 gutters-row-md-2 gutters-row-0 gutters-row-v-lg-2 gutters-row-v-md-2 gutters-row-v-2 style-2518 style-local-18360-c17 position-relative\">\r\n        <!---->\r\n        <div class=\"h-row justify-content-lg-center justify-content-md-center justify-content-center align-items-lg-stretch align-items-md-stretch align-items-stretch gutters-col-lg-2 gutters-col-md-2 gutters-col-0 gutters-col-v-lg-2 gutters-col-v-md-2 gutters-col-v-2\">\r\n          <!---->\r\n          <div class=\"h-column h-column-container d-flex h-col-lg-auto h-col-md-auto h-col-auto style-2519-outer style-local-18360-c18-outer\">\r\n            <div data-colibri-id=\"18360-c18\" class=\"d-flex h-flex-basis h-column__inner h-px-lg-2 h-px-md-2 h-px-2 v-inner-lg-2 v-inner-md-2 v-inner-2 style-2519 style-local-18360-c18 position-relative\">\r\n              <!---->\r\n              <!---->\r\n              <div class=\"w-100 h-y-container h-column__content h-column__v-align flex-basis-100 align-self-lg-start align-self-md-start align-self-start\">\r\n                <!---->\r\n                <div data-colibri-id=\"18360-c19\" class=\"h-text h-text-component style-2520 style-local-18360-c19 position-relative h-element\">\r\n                  <!---->\r\n                  <!---->\r\n                  <div class=\"\">\r\n                    <p><strong style=\"font-size: 16px; font-family: &quot;Open Sans&quot;; color: rgb(255, 255, 255);\">Instrumentation :<\/strong><span style=\"font-size: 16px; font-family: &quot;Open Sans&quot;; color: rgb(255, 255, 255); font-weight: 300;\">&nbsp;<\/span>Picc,\r\n                      2Fl, Ob(opt), Bsn(opt), 3Cl, BCl, 2ASax, TSax, BarSax, 3Tpt, 4Hn(4.opt), 3Tbn, Euph, Tba, String Bass(opt), 5Perc(Timp, S.D, B.D, WB, ChinaCymb, FinCymb, H-H, Bongos, Vib, 3RToms, SuspCymb, CrashCymb, T-T, Xylo(opt), Glock(opt),\r\n                      Vslp(opt), TBells(opt))<\/p>\r\n                  <\/div>\r\n                <\/div>\r\n                <div data-colibri-id=\"18360-c20\" class=\"h-text h-text-component style-2520 style-local-18360-c20 position-relative h-element\">\r\n                  <!---->\r\n                  <!---->\r\n                  <div class=\"\">\r\n                    <p>Im Rahmen ihres 850-j\u00e4hrigen Jubil\u00e4ums gab die Schweizer Stadt Reinach BL bei mir ein energiegeladenes und lebendiges Werk f\u00fcr die Blasorchester der Stadt, die <em>MG Konkordia Reinach<\/em>, unter der Leitung von Maestro Miguel Etchegoncelay in Auftrag.<\/p>\r\n                    <p>L\u2019\u0153uvre suit la forme d\u2019une ouverture miniature, habit\u00e9e par une pulsation quasiment r\u00e9guli\u00e8re du d\u00e9but \u00e0 la fin de l\u2019\u0153uvre. La premi\u00e8re partie, d\u2019un caract\u00e8re r\u00e9solument festif et rythm\u00e9, contraste avec une section centrale plus libre\r\n                      et apais\u00e9e. Celle-ci pr\u00e9c\u00e8de un retour progressif aux \u00e9lans solennels et jubilatoires du d\u00e9but de l\u2019\u0153uvre. Les th\u00e8mes et diff\u00e9rents motifs de la pi\u00e8ce sont tous d\u00e9riv\u00e9s rythmiquement ou harmoniquement de la cellule initiale de la\r\n                      pi\u00e8ce.<\/p>\r\n                    <p>L&rsquo;oeuvre a \u00e9t\u00e9 cr\u00e9\u00e9e le 7 janvier 2024.<\/p>\r\n                  <\/div>\r\n                <\/div>\r\n              <\/div>\r\n            <\/div>\r\n          <\/div>\r\n        <\/div>\r\n      <\/div>\r\n      <div data-colibri-id=\"18360-c21\" class=\"h-row-container gutters-row-lg-2 gutters-row-md-2 gutters-row-0 gutters-row-v-lg-2 gutters-row-v-md-2 gutters-row-v-2 style-2518 style-local-18360-c21 position-relative\">\r\n        <!---->\r\n        <div class=\"h-row justify-content-lg-center justify-content-md-center justify-content-center align-items-lg-stretch align-items-md-stretch align-items-stretch gutters-col-lg-2 gutters-col-md-2 gutters-col-0 gutters-col-v-lg-2 gutters-col-v-md-2 gutters-col-v-2\">\r\n          <!---->\r\n          <div class=\"h-column h-column-container d-flex h-col-lg-auto h-col-md-auto h-col-auto style-2519-outer style-local-18360-c22-outer\">\r\n            <div data-colibri-id=\"18360-c22\" class=\"d-flex h-flex-basis h-column__inner h-px-lg-2 h-px-md-2 h-px-2 v-inner-lg-2 v-inner-md-2 v-inner-2 style-2519 style-local-18360-c22 position-relative\">\r\n              <!---->\r\n              <!---->\r\n              <div class=\"w-100 h-y-container h-column__content h-column__v-align flex-basis-100 align-self-lg-start align-self-md-start align-self-start\">\r\n                <!---->\r\n                <div data-colibri-component=\"video\" data-colibri-id=\"18360-c23\" class=\"d-block h-video d-block h-video style-2587 style-local-18360-c23 position-relative h-element\">\r\n                  <!---->\r\n                  <!---->\r\n                  <div class=\"video-container position-relative\">\r\n                    <div class=\"h-global-transition-all ratio-inner\"><iframe src=\"https:\/\/www.youtube.com\/embed\/G6eq1iWf7v0?autoplay=0&#038;mute=0&#038;modestbranding=0&#038;rel=0&#038;enablejsapi=1&#038;\" class='h-video-main'  allowfullscreen><\/iframe><\/div>\r\n                  <\/div>\r\n                <\/div>\r\n              <\/div>\r\n            <\/div>\r\n          <\/div>\r\n        <\/div>\r\n      <\/div>\r\n    <\/div>\r\n  <\/div>\r\n<\/div>","protected":false},"excerpt":{"rendered":"<p>ouverture festive pour orchestre d&rsquo;harmonie Ouverture\/Indicatif de concert \u2022 2023 Difficult\u00e9 4 (avanc\u00e9) \u2022 04:30 \u2022 FC Music Publishing Score Set complet Instrumentation :&nbsp;Picc, 2Fl, Ob(opt), Bsn(opt), 3Cl, BCl, 2ASax, TSax, BarSax, 3Tpt, 4Hn(4.opt), 3Tbn, Euph, Tba, String Bass(opt), 5Perc(Timp, S.D, B.D, WB, ChinaCymb, FinCymb, H-H, Bongos, Vib, 3RToms, SuspCymb, CrashCymb, T-T, Xylo(opt), Glock(opt), Vslp(opt), [&hellip;]<\/p>\n","protected":false},"author":178170578,"featured_media":0,"parent":0,"menu_order":0,"comment_status":"closed","ping_status":"closed","template":"page-templates\/full-width-page.php","meta":{"footnotes":""},"class_list":["post-18360","page","type-page","status-publish","hentry"],"jetpack_likes_enabled":true,"jetpack_sharing_enabled":true,"jetpack_shortlink":"https:\/\/wp.me\/PbAZ0d-4M8","_links":{"self":[{"href":"https:\/\/gauthierdupertuis.com\/de\/wp-json\/wp\/v2\/pages\/18360","targetHints":{"allow":["GET"]}}],"collection":[{"href":"https:\/\/gauthierdupertuis.com\/de\/wp-json\/wp\/v2\/pages"}],"about":[{"href":"https:\/\/gauthierdupertuis.com\/de\/wp-json\/wp\/v2\/types\/page"}],"author":[{"embeddable":true,"href":"https:\/\/gauthierdupertuis.com\/de\/wp-json\/wp\/v2\/users\/178170578"}],"replies":[{"embeddable":true,"href":"https:\/\/gauthierdupertuis.com\/de\/wp-json\/wp\/v2\/comments?post=18360"}],"version-history":[{"count":19,"href":"https:\/\/gauthierdupertuis.com\/de\/wp-json\/wp\/v2\/pages\/18360\/revisions"}],"predecessor-version":[{"id":22218,"href":"https:\/\/gauthierdupertuis.com\/de\/wp-json\/wp\/v2\/pages\/18360\/revisions\/22218"}],"wp:attachment":[{"href":"https:\/\/gauthierdupertuis.com\/de\/wp-json\/wp\/v2\/media?parent=18360"}],"curies":[{"name":"wp","href":"https:\/\/api.w.org\/{rel}","templated":true}]}}