{"id":10698,"date":"2022-09-27T16:06:36","date_gmt":"2022-09-27T14:06:36","guid":{"rendered":"https:\/\/gauthierdupertuis.com\/?page_id=10698"},"modified":"2026-02-25T03:11:04","modified_gmt":"2026-02-25T01:11:04","slug":"lord-of-the-flies-cb","status":"publish","type":"page","link":"https:\/\/gauthierdupertuis.com\/de\/lord-of-the-flies-cb\/","title":{"rendered":"Lord of the Flies"},"content":{"rendered":"<div data-colibri-id=\"10698-c1\" class=\"style-627 style-local-10698-c1 position-relative\">\r\n  <div class=\"background-wrapper\">\r\n    <div class=\"background-layer background-layer-media-container-lg\">\r\n      <!---->\r\n      <div class=\"overlay-layer\">\r\n        <div class=\"overlay-image-layer\" style=\"background-color: rgb(0, 0, 0); opacity: 0.7;\"><\/div>\r\n      <\/div>\r\n    <\/div>\r\n    <div class=\"background-layer background-layer-media-container-md\">\r\n      <!---->\r\n      <div class=\"overlay-layer\">\r\n        <div class=\"overlay-image-layer\" style=\"background-color: rgb(0, 0, 0); opacity: 0.7;\"><\/div>\r\n      <\/div>\r\n    <\/div>\r\n    <div class=\"background-layer background-layer-media-container\">\r\n      <!---->\r\n      <div class=\"overlay-layer\">\r\n        <div class=\"overlay-image-layer\" style=\"background-color: rgb(0, 0, 0); opacity: 0.7;\"><\/div>\r\n      <\/div>\r\n    <\/div>\r\n  <\/div>\r\n  <div data-colibri-component=\"section\" data-colibri-id=\"10698-c2\" id=\"custom\" class=\"h-section h-section-global-spacing d-flex align-items-lg-center align-items-md-center align-items-center style-632 style-local-10698-c2 position-relative\">\r\n    <!---->\r\n    <!---->\r\n    <div class=\"h-section-grid-container h-section-boxed-container\">\r\n      <!---->\r\n      <div data-colibri-id=\"10698-c3\" class=\"h-row-container gutters-row-lg-2 gutters-row-md-2 gutters-row-0 gutters-row-v-lg-2 gutters-row-v-md-2 gutters-row-v-2 style-635 style-local-10698-c3 position-relative\">\r\n        <!---->\r\n        <div class=\"h-row justify-content-lg-center justify-content-md-center justify-content-center align-items-lg-stretch align-items-md-stretch align-items-stretch gutters-col-lg-2 gutters-col-md-2 gutters-col-0 gutters-col-v-lg-2 gutters-col-v-md-2 gutters-col-v-2\">\r\n          <!---->\r\n          <div class=\"h-column h-column-container d-flex h-col-lg-auto h-col-md-auto h-col-auto style-636-outer style-local-10698-c4-outer\">\r\n            <div data-colibri-id=\"10698-c4\" class=\"d-flex h-flex-basis h-column__inner h-px-lg-2 h-px-md-2 h-px-2 v-inner-lg-2 v-inner-md-2 v-inner-2 style-636 style-local-10698-c4 position-relative\">\r\n              <!---->\r\n              <!---->\r\n              <div class=\"w-100 h-y-container h-column__content h-column__v-align flex-basis-100 align-self-lg-start align-self-md-start align-self-start\">\r\n                <!---->\r\n                <div data-colibri-id=\"10698-c5\" class=\"page-title style-665 style-local-10698-c5 position-relative h-element\">\r\n                  <!---->\r\n                  <div class=\"h-page-title__outer style-665-outer style-local-10698-c5-outer\">\r\n                    <div class=\"h-global-transition-all\"><span><h1 style='margin-bottom:0'>Lord of the Flies<\/h1><\/span><\/div>\r\n                  <\/div>\r\n                <\/div>\r\n                <div data-colibri-id=\"10698-c6\" class=\"h-text h-text-component style-1975 style-local-10698-c6 position-relative h-element\">\r\n                  <!---->\r\n                  <!---->\r\n                  <div class=\"\">\r\n                    <p>f\u00fcr Blasorchester<\/p>\r\n                  <\/div>\r\n                <\/div>\r\n              <\/div>\r\n            <\/div>\r\n          <\/div>\r\n        <\/div>\r\n      <\/div>\r\n      <div data-colibri-id=\"10698-c7\" class=\"h-row-container gutters-row-lg-2 gutters-row-md-2 gutters-row-0 gutters-row-v-lg-2 gutters-row-v-md-2 gutters-row-v-2 style-635 style-local-10698-c7 position-relative\">\r\n        <!---->\r\n        <div class=\"h-row justify-content-lg-center justify-content-md-center justify-content-center align-items-lg-stretch align-items-md-stretch align-items-stretch gutters-col-lg-2 gutters-col-md-2 gutters-col-0 gutters-col-v-lg-2 gutters-col-v-md-2 gutters-col-v-2\">\r\n          <!---->\r\n          <div class=\"h-column h-column-container d-flex h-col-lg-auto h-col-md-auto h-col-auto style-636-outer style-local-10698-c8-outer\">\r\n            <div data-colibri-id=\"10698-c8\" class=\"d-flex h-flex-basis h-column__inner h-px-lg-2 h-px-md-2 h-px-2 v-inner-lg-2 v-inner-md-2 v-inner-2 style-636 style-local-10698-c8 position-relative\">\r\n              <!---->\r\n              <!---->\r\n              <div class=\"w-100 h-y-container h-column__content h-column__v-align flex-basis-100 align-self-lg-start align-self-md-start align-self-start\">\r\n                <!---->\r\n                <div data-colibri-id=\"10698-c9\" class=\"style-637 style-local-10698-c9 position-relative h-element\">\r\n                  <!---->\r\n                  <div class=\"\"><div class=\"_df_book df-lite\" id=\"df_10839\"  _slug=\"lord-of-the-flies-wb\" data-title=\"lord-of-the-flies-wb\" wpoptions=\"true\" thumbtype=\"\" ><\/div><script class=\"df-shortcode-script\" nowprocket type=\"application\/javascript\">window.option_df_10839 = {\"outline\":[],\"autoEnableOutline\":\"false\",\"autoEnableThumbnail\":\"false\",\"overwritePDFOutline\":\"false\",\"enableDownload\":\"false\",\"direction\":\"1\",\"pageSize\":\"0\",\"soundEnable\":\"false\",\"source\":\"https:\\\/\\\/gauthierdupertuis.com\\\/wp-content\\\/uploads\\\/2022\\\/11\\\/00-LORD-OF-THE-FLIES-CB-Score.pdf\",\"wpOptions\":\"true\"}; if(window.DFLIP && window.DFLIP.parseBooks){window.DFLIP.parseBooks();}<\/script><\/div>\r\n                <\/div>\r\n              <\/div>\r\n            <\/div>\r\n          <\/div>\r\n        <\/div>\r\n      <\/div>\r\n      <div data-colibri-id=\"10698-c10\" class=\"h-row-container gutters-row-lg-2 gutters-row-md-2 gutters-row-0 gutters-row-v-lg-2 gutters-row-v-md-2 gutters-row-v-2 style-1161 style-local-10698-c10 position-relative\">\r\n        <!---->\r\n        <div class=\"h-row justify-content-lg-center justify-content-md-center justify-content-center align-items-lg-stretch align-items-md-stretch align-items-stretch gutters-col-lg-2 gutters-col-md-2 gutters-col-0 gutters-col-v-lg-2 gutters-col-v-md-2 gutters-col-v-2\">\r\n          <!---->\r\n          <div class=\"h-column h-column-container d-flex h-col-lg-auto h-col-md-auto h-col-auto style-1162-outer style-local-10698-c11-outer\">\r\n            <div data-colibri-id=\"10698-c11\" class=\"d-flex h-flex-basis h-column__inner h-px-lg-2 h-px-md-2 h-px-2 v-inner-lg-2 v-inner-md-2 v-inner-2 style-1162 style-local-10698-c11 position-relative\">\r\n              <!---->\r\n              <!---->\r\n              <div class=\"w-100 h-y-container h-column__content h-column__v-align flex-basis-100 align-self-lg-start align-self-md-start align-self-start\">\r\n                <!---->\r\n                <div data-colibri-id=\"10698-c12\" class=\"style-637 style-local-10698-c12 position-relative h-element\">\r\n                  <!---->\r\n                  <div class=\"\"><iframe loading=\"lazy\" width=\"100%\" height=\"20\" scrolling=\"no\" frameborder=\"no\" allow=\"autoplay\" src=\"https:\/\/w.soundcloud.com\/player\/?url=https%3A\/\/api.soundcloud.com\/tracks\/soundcloud%253Atracks%253A1439832874&color=%23333333&inverse=true&auto_play=false&show_user=true\"><\/iframe><\/div>\r\n                <\/div>\r\n              <\/div>\r\n            <\/div>\r\n          <\/div>\r\n        <\/div>\r\n      <\/div>\r\n      <div data-colibri-id=\"10698-c13\" class=\"h-row-container gutters-row-lg-0 gutters-row-md-0 gutters-row-0 gutters-row-v-lg-0 gutters-row-v-md-0 gutters-row-v-0 style-1674 style-local-10698-c13 position-relative\">\r\n        <!---->\r\n        <div class=\"h-row justify-content-lg-center justify-content-md-center justify-content-center align-items-lg-stretch align-items-md-stretch align-items-stretch gutters-col-lg-0 gutters-col-md-0 gutters-col-0 gutters-col-v-lg-0 gutters-col-v-md-0 gutters-col-v-0\">\r\n          <!---->\r\n          <div class=\"h-column h-column-container d-flex h-col-lg-auto h-col-md-auto h-col-auto style-1675-outer style-local-10698-c14-outer\">\r\n            <div data-colibri-id=\"10698-c14\" class=\"d-flex h-flex-basis h-column__inner h-px-lg-0 h-px-md-0 h-px-0 v-inner-lg-0 v-inner-md-0 v-inner-0 style-1675 style-local-10698-c14 position-relative\">\r\n              <!---->\r\n              <!---->\r\n              <div class=\"w-100 h-y-container h-column__content h-column__v-align flex-basis-100 align-self-lg-start align-self-md-start align-self-start\">\r\n                <!---->\r\n                <div data-colibri-id=\"10698-c15\" class=\"h-text h-text-component style-1667 style-local-10698-c15 position-relative h-element\">\r\n                  <!---->\r\n                  <!---->\r\n                  <div class=\"\">\r\n                    <p>Sinfonische Dichtung \u2022 2022\r\n                      <br>Schwierigkeitsgrad 2.5 (leicht) \u2022 07:50 \u2022  FC Music Publishing<\/p>\r\n                  <\/div>\r\n                <\/div>\r\n                <div data-colibri-id=\"10698-c16\" class=\"h-text h-text-component style-1816 style-local-10698-c16 position-relative h-element\">\r\n                  <!---->\r\n                  <!---->\r\n                  <div class=\"\">\r\n                    <p><em style=\"color: rgb(255, 255, 255); font-family: Montserrat; font-weight: 300; font-size: 14px;\">Auch f\u00fcr <\/em>\r\n                      <a href=\"https:\/\/gauthierdupertuis.com\/de\/music\/lord-of-the-flies-bb\/\" style=\"color: rgb(255, 255, 255); font-family: Montserrat; font-weight: 400; font-size: 14px;\"><em>Brass Band<\/em><\/a><span style=\"color: rgb(255, 255, 255); font-family: Montserrat;\">&nbsp;<\/span><em style=\"color: rgb(255, 255, 255); font-size: 14px; font-weight: 300; font-family: Montserrat;\">und <\/em>\r\n                      <a href=\"https:\/\/gauthierdupertuis.com\/de\/music\/lord-of-the-flies-flex\/\"\r\n                        style=\"color: rgb(255, 255, 255); font-size: 14px; font-weight: 400; font-family: Montserrat;\"><em>Flexible Band<\/em><\/a><em style=\"color: rgb(255, 255, 255); font-size: 14px; font-weight: 300; font-family: Montserrat;\">.<\/em><\/p>\r\n                  <\/div>\r\n                <\/div>\r\n              <\/div>\r\n            <\/div>\r\n          <\/div>\r\n        <\/div>\r\n      <\/div>\r\n      <div data-colibri-id=\"10698-c17\" class=\"h-row-container gutters-row-lg-2 gutters-row-md-2 gutters-row-0 gutters-row-v-lg-2 gutters-row-v-md-2 gutters-row-v-2 style-2183 style-local-10698-c17 position-relative\">\r\n        <!---->\r\n        <div class=\"h-row justify-content-lg-center justify-content-md-center justify-content-center align-items-lg-stretch align-items-md-stretch align-items-stretch gutters-col-lg-2 gutters-col-md-2 gutters-col-0 gutters-col-v-lg-2 gutters-col-v-md-2 gutters-col-v-2\">\r\n          <!---->\r\n          <div class=\"h-column h-column-container d-flex h-col-lg-auto h-col-md-auto h-col-auto style-2184-outer style-local-10698-c18-outer\">\r\n            <div data-colibri-id=\"10698-c18\" class=\"d-flex h-flex-basis h-column__inner h-px-lg-2 h-px-md-2 h-px-2 v-inner-lg-2 v-inner-md-2 v-inner-2 style-2184 style-local-10698-c18 position-relative\">\r\n              <!---->\r\n              <!---->\r\n              <div class=\"w-100 h-y-container h-column__content h-column__v-align flex-basis-100 align-self-lg-start align-self-md-start align-self-start\">\r\n                <!---->\r\n                <div data-colibri-id=\"10698-c19\" class=\"h-x-container style-645 style-local-10698-c19 position-relative h-element\">\r\n                  <!---->\r\n                  <div class=\"h-x-container-inner style-dynamic-10698-c19-group style-645-spacing style-local-10698-c19-spacing\"><span class=\"h-button__outer style-681-outer style-local-10698-c20-outer d-inline-flex h-element\"><a h-use-smooth-scroll=\"true\" href=\"https:\/\/www.bandmusicshop.com\/lord-of-the-flies-fcmp003--sc?returnurl=%2fsearch%3fq%3dgauthier%2bdupertuis%26substoreid%3d\" target=\"_blank\"  data-colibri-id=\"10698-c20\" class=\"d-flex w-100 align-items-center h-button justify-content-lg-center justify-content-md-center justify-content-center style-681 style-local-10698-c20 position-relative\"><!----><span  class=\"h-svg-icon h-button__icon style-681-icon style-local-10698-c20-icon\"><!--Icon by Font Awesome (https:\/\/fontawesome.com)-->\r\n    <svg version=\"1.1\" xmlns=\"http:\/\/www.w3.org\/2000\/svg\" xmlns:xlink=\"http:\/\/www.w3.org\/1999\/xlink\" id=\"shopping-cart\" viewbox=\"0 0 1664 1896.0833\">\r\n      <path d=\"M640 1536q0 52-38 90t-90 38-90-38-38-90 38-90 90-38 90 38 38 90zm896 0q0 52-38 90t-90 38-90-38-38-90 38-90 90-38 90 38 38 90zm128-1088v512q0 24-16.5 42.5T1607 1024L563 1146q13 60 13 70 0 16-24 64h920q26 0 45 19t19 45-19 45-45 19H448q-26 0-45-19t-19-45q0-11 8-31.5t16-36 21.5-40T445 1207L268 384H64q-26 0-45-19T0 320t19-45 45-19h256q16 0 28.5 6.5T368 278t13 24.5 8 26 5.5 29.5 4.5 26h1201q26 0 45 19t19 45z\"><\/path>\r\n    <\/svg><\/span> <span>Partitur<\/span><\/a>\r\n                    <\/span><span class=\"h-button__outer style-681-outer style-local-10698-c21-outer d-inline-flex h-element\"><a h-use-smooth-scroll=\"true\" href=\"https:\/\/www.bandmusicshop.com\/lord-of-the-flies-fcmp003--cbha?returnurl=%2fsearch%3fq%3dgauthier%2bdupertuis%26substoreid%3d\" target=\"_blank\"  data-colibri-id=\"10698-c21\" class=\"d-flex w-100 align-items-center h-button justify-content-lg-center justify-content-md-center justify-content-center style-681 style-local-10698-c21 position-relative\"><!----><span  class=\"h-svg-icon h-button__icon style-681-icon style-local-10698-c21-icon\"><!--Icon by Font Awesome (https:\/\/fontawesome.com)-->\r\n    <svg version=\"1.1\" xmlns=\"http:\/\/www.w3.org\/2000\/svg\" xmlns:xlink=\"http:\/\/www.w3.org\/1999\/xlink\" id=\"shopping-cart\" viewbox=\"0 0 1664 1896.0833\">\r\n      <path d=\"M640 1536q0 52-38 90t-90 38-90-38-38-90 38-90 90-38 90 38 38 90zm896 0q0 52-38 90t-90 38-90-38-38-90 38-90 90-38 90 38 38 90zm128-1088v512q0 24-16.5 42.5T1607 1024L563 1146q13 60 13 70 0 16-24 64h920q26 0 45 19t19 45-19 45-45 19H448q-26 0-45-19t-19-45q0-11 8-31.5t16-36 21.5-40T445 1207L268 384H64q-26 0-45-19T0 320t19-45 45-19h256q16 0 28.5 6.5T368 278t13 24.5 8 26 5.5 29.5 4.5 26h1201q26 0 45 19t19 45z\"><\/path>\r\n    <\/svg><\/span> <span>Kompletter Satz<\/span><\/a>\r\n                    <\/span>\r\n                  <\/div>\r\n                <\/div>\r\n              <\/div>\r\n            <\/div>\r\n          <\/div>\r\n        <\/div>\r\n      <\/div>\r\n      <div data-colibri-id=\"10698-c22\" class=\"h-row-container gutters-row-lg-0 gutters-row-md-0 gutters-row-0 gutters-row-v-lg-0 gutters-row-v-md-0 gutters-row-v-0 style-1155 style-local-10698-c22 position-relative\">\r\n        <!---->\r\n        <div class=\"h-row justify-content-lg-center justify-content-md-center justify-content-center align-items-lg-stretch align-items-md-stretch align-items-stretch gutters-col-lg-0 gutters-col-md-0 gutters-col-0 gutters-col-v-lg-0 gutters-col-v-md-0 gutters-col-v-0\">\r\n          <!---->\r\n          <div class=\"h-column h-column-container d-flex h-col-lg-auto h-col-md-auto h-col-auto style-1156-outer style-local-10698-c23-outer\">\r\n            <div data-colibri-id=\"10698-c23\" class=\"d-flex h-flex-basis h-column__inner h-px-lg-2 h-px-md-2 h-px-2 v-inner-lg-2 v-inner-md-2 v-inner-2 style-1156 style-local-10698-c23 position-relative\">\r\n              <!---->\r\n              <!---->\r\n              <div class=\"w-100 h-y-container h-column__content h-column__v-align flex-basis-100 align-self-lg-start align-self-md-start align-self-start\">\r\n                <!---->\r\n                <div data-colibri-id=\"10698-c24\" class=\"h-text h-text-component style-679 style-local-10698-c24 position-relative h-element\">\r\n                  <!---->\r\n                  <!---->\r\n                  <div class=\"\">\r\n                    <p><strong style=\"color: rgb(255, 255, 255); font-family: &quot;Open Sans&quot;; font-size: 16px; font-weight: 700;\">Instrumentation :&nbsp;<\/strong>Picc(opt), 2Fl, Ob(opt), Bsn(opt), 2Cl, BCl(opt), ASax, TSax, BarSax(opt), 2Tpt, Hn,\r\n                      2Tbn, Euph, Tba, 3Perc (2Timp, Tamb, S.D, B.D, 3Toms, Susp. Cymb, Glock, Xylo, Large Susp.C, T-T(opt))<\/p>\r\n                  <\/div>\r\n                <\/div>\r\n                <div data-colibri-id=\"10698-c25\" class=\"h-text h-text-component style-679 style-local-10698-c25 position-relative h-element\">\r\n                  <!---->\r\n                  <!---->\r\n                  <div class=\"\">\r\n                    <p>In meinem St\u00fcck <em>Postcards from tomorrow<\/em>, j\u2019avais tent\u00e9 de v\u00e9hiculer un message positif concernant la capacit\u00e9 de l\u2019\u00eatre humain relever les d\u00e9fis qui lui sont pos\u00e9s. J\u2019ai eu envie de traiter une nouvelle fois de la condition\r\n                      humaine, mais cette fois de mani\u00e8re plus pessimiste.<\/p>\r\n                    <p>Der Titel des Werks bezieht sich auf den 1954 erschienenen Roman&nbsp;<em>Lord of the Flies<\/em> the William Golding, paru en 1954. L\u2019\u0153uvre raconte les aventures d\u2019une chorale de jeunes enfants et adolescents \u00e9chou\u00e9s sur une \u00eele d\u00e9serte apr\u00e8s le crash\r\n                      de leur avion, abattu en pleine seconde guerre mondiale. Aucun adulte n\u2019ayant surv\u00e9cu, les enfants sont livr\u00e9s \u00e0 eux-m\u00eames. Il s\u2019agit d\u2019une dystopie&nbsp;: les enfants tenteront tout d\u2019abord de s\u2019organiser une soci\u00e9t\u00e9 selon un syst\u00e8me\r\n                      d\u00e9mocratique, repr\u00e9sent\u00e9 par une conque (The Conch) qui annonce, lorsque l\u2019on souffle dedans, la tenue d\u2019une r\u00e9union o\u00f9 chacun a droit \u00e0 la parole. Mais c\u2019est finalement la sauvagerie et la force brute du clan du charismatique Jack\r\n                      qui aura raison de l\u2019ordre \u00e9tabli. Ce roman traite donc de l\u2019ordre, du d\u00e9sordre, mais surtout de la nature humaine, que Golding consid\u00e8re comme \u00e9tant profond\u00e9ment sombre.<\/p>\r\n                    <p>Ma composition se veut \u00eatre un petit po\u00e8me symphonique d\u00e9crivant diff\u00e9rents \u00e9pisodes du livre&nbsp;: le d\u00e9sespoir des enfants \u00e9chou\u00e9s sur l\u2019\u00eele, l\u2019utilisation de la conque rassembleuse et symbole de la d\u00e9mocratie, les aventures et\r\n                      la formation du camp et finalement la sauvagerie du clan de Jack qui m\u00e8ne ind\u00e9niablement au chaos. Le final est myst\u00e9rieux et en demi-teinte, empreint \u00e0 la fois du soulagement d\u2019avoir \u00e9t\u00e9 secouru, et d\u2019une profonde tristesse li\u00e9e\r\n                      aux tragiques \u00e9v\u00e8nements.<\/p>\r\n                    <p>Dieses Werk wurde vom Schweizer Blasmusikverband (SBV) in Auftrag gegeben, im Rahmen des Jahres 2023 (Das Jahr der Schweizer Blasorchester-Literatur).<\/p>\r\n                  <\/div>\r\n                <\/div>\r\n              <\/div>\r\n            <\/div>\r\n          <\/div>\r\n        <\/div>\r\n      <\/div>\r\n    <\/div>\r\n  <\/div>\r\n<\/div>","protected":false},"excerpt":{"rendered":"<p>pour orchestre d&rsquo;harmonie Po\u00e8me symphonique \u2022 2022 Difficult\u00e9 2.5 (facile) \u2022 07:50 \u2022 FC Music Publishing Cette oeuvre existe \u00e9galement en version Brass Band&nbsp;et Ensemble Flexible. Score Set complet Instrumentation :&nbsp;Picc(opt), 2Fl, Ob(opt), Bsn(opt), 2Cl, BCl(opt), ASax, TSax, BarSax(opt), 2Tpt, Hn, 2Tbn, Euph, Tba, 3Perc (2Timp, Tamb, S.D, B.D, 3Toms, Susp. Cymb, Glock, Xylo, Large [&hellip;]<\/p>\n","protected":false},"author":178170578,"featured_media":10789,"parent":0,"menu_order":-1,"comment_status":"closed","ping_status":"closed","template":"page-templates\/full-width-page.php","meta":{"footnotes":""},"class_list":["post-10698","page","type-page","status-publish","has-post-thumbnail","hentry"],"jetpack_likes_enabled":true,"jetpack_sharing_enabled":true,"jetpack_shortlink":"https:\/\/wp.me\/PbAZ0d-2My","_links":{"self":[{"href":"https:\/\/gauthierdupertuis.com\/de\/wp-json\/wp\/v2\/pages\/10698","targetHints":{"allow":["GET"]}}],"collection":[{"href":"https:\/\/gauthierdupertuis.com\/de\/wp-json\/wp\/v2\/pages"}],"about":[{"href":"https:\/\/gauthierdupertuis.com\/de\/wp-json\/wp\/v2\/types\/page"}],"author":[{"embeddable":true,"href":"https:\/\/gauthierdupertuis.com\/de\/wp-json\/wp\/v2\/users\/178170578"}],"replies":[{"embeddable":true,"href":"https:\/\/gauthierdupertuis.com\/de\/wp-json\/wp\/v2\/comments?post=10698"}],"version-history":[{"count":21,"href":"https:\/\/gauthierdupertuis.com\/de\/wp-json\/wp\/v2\/pages\/10698\/revisions"}],"predecessor-version":[{"id":22141,"href":"https:\/\/gauthierdupertuis.com\/de\/wp-json\/wp\/v2\/pages\/10698\/revisions\/22141"}],"wp:featuredmedia":[{"embeddable":true,"href":"https:\/\/gauthierdupertuis.com\/de\/wp-json\/wp\/v2\/media\/10789"}],"wp:attachment":[{"href":"https:\/\/gauthierdupertuis.com\/de\/wp-json\/wp\/v2\/media?parent=10698"}],"curies":[{"name":"wp","href":"https:\/\/api.w.org\/{rel}","templated":true}]}}